{"id":107,"date":"2015-06-08T10:41:40","date_gmt":"2015-06-08T10:41:40","guid":{"rendered":"http:\/\/freiherr-vom-stein.de\/fbereich1\/?page_id=107"},"modified":"2018-12-13T20:02:17","modified_gmt":"2018-12-13T20:02:17","slug":"englisch","status":"publish","type":"page","link":"https:\/\/freiherr-vom-stein.de\/fbereich1\/englisch\/","title":{"rendered":"Englisch"},"content":{"rendered":"<p>Das Fach Englisch wird an der Freiherr-vom-Stein-Schule ab der Jahrgangsstufe 5 als erste <strong>Fremdsprache<\/strong> unterrichtet und baut auf den bereits in der Grundschule erworbenen Kenntnissen der Sch\u00fclerinnen und Sch\u00fcler auf.<\/p>\n<p>Grundlage unseres kompetenzorientierten Unterrichts ist das <strong>Lehrwerk Camden Town<\/strong> des Diesterweg Verlages, das sowohl bereits erworbene Kenntnisse festigt als auch einen schnellen Einstieg in die Fremdsprache erm\u00f6glicht.<\/p>\n<p>In der Jahrgangsstufe 5 wird Englisch f\u00fcnfst\u00fcndig, danach vierst\u00fcndig unterrichtet. Im Unterricht f\u00f6rdern wir alle <strong>Kompetenzbereiche<\/strong> im Umgang mit der Fremdsprache, das <strong>Sprechen<\/strong>, das <strong>H\u00f6ren<\/strong> und das <strong>Schreiben<\/strong>, von Anfang an. Ziel ist es immer, auf einen <strong>selbstst\u00e4ndigen<\/strong> und <strong>unabh\u00e4ngigen Gebrauch der Sprache<\/strong> hinzuarbeiten.<\/p>\n<p>Landeskundliche <strong>Schwerpunkte<\/strong> sind zun\u00e4chst <strong>Gro\u00dfbritannien<\/strong> und die <strong>USA<\/strong>, erg\u00e4nzt um Module zu anderen englischsprachigen L\u00e4ndern wie <strong>Australien<\/strong> und <strong>Kanada<\/strong>.<\/p>\n<p><strong>Lekt\u00fcren<\/strong>, <strong>Pr\u00e4sentationen<\/strong>, <strong>Debatten<\/strong> und <strong>Projekte<\/strong> erg\u00e4nzen die Arbeit mit dem Englischbuch. Als Beitrag des Faches Englisch zum Medienportfolio der Schule erarbeiten die Sch\u00fclerinnen und Sch\u00fcler in Jahrgangsstufe 8 eine <strong>PowerPoint-Pr\u00e4sentation zum Themenkreis USA<\/strong>.<\/p>\n<p>Die Sch\u00fcler der 5. bis 9. Klassen nehmen regelm\u00e4\u00dfig am <strong>Englischwettbewerb \u201eThe Big Challenge\u201c<\/strong>\u00a0teil.<\/p>\n<p>Das Fach Englisch kann sowohl in der E-Phase als auch in der Q-Phase als <strong>Grund- und Leistungskurs<\/strong> belegt werden. Grundlage des Unterrichts in der Oberstufe sind die Themen, die durch das Hessische Kerncurriculum vorgegeben werden. Diese werden mit<strong> unterschiedliche Textsorten<\/strong>, <strong>Filmen<\/strong> und <strong>Lekt\u00fcren<\/strong> ausgef\u00fcllt und (wenn m\u00f6glich) durch <strong>Theaterbesuche<\/strong> <strong>und Lesungen <\/strong>erg\u00e4nzt.<\/p>\n<p>Seit 2010 k\u00f6nnen Sch\u00fclerinnen und Sch\u00fcler einen Kurs besuchen (meist w\u00e4hrend der E-Phase), der auf den Erwerb eines international anerkannten <strong>Sprachzertifikats<\/strong> <strong>der Universit\u00e4t Cambridge<\/strong> vorbereitet, und zwar auf Cambridge English: First (FCE) auf dem Sprachniveau B2 und Cambridge English: Advanced (CAE) auf dem Sprachniveau C1. Die Pr\u00fcfungen werden ( in aller Regel erfolgreich) extern abgelegt.<\/p>\n<p>Eine <strong>Austauschfahrt nach Canterbury<\/strong> (England) in Jahrgangsstufe 9 findet als Pilotprojekt mit ca. 50 Teilnehmern voraussichtlich Ende des Schuljahres 2019\/20 statt.<\/p>\n<p>&nbsp;<\/p>\n<h3><strong>Cambridge English Sprachzertifikat 2018<\/strong><\/h3>\n<p><img loading=\"lazy\" decoding=\"async\" class=\"alignnone size-large wp-image-362\" src=\"http:\/\/freiherr-vom-stein.de\/fbereich1\/files\/2018\/10\/2018-2019-Preparation-Centre-Certificate_1-724x1024.jpg\" alt=\"\" width=\"640\" height=\"905\" srcset=\"https:\/\/freiherr-vom-stein.de\/fbereich1\/files\/2018\/10\/2018-2019-Preparation-Centre-Certificate_1-724x1024.jpg 724w, https:\/\/freiherr-vom-stein.de\/fbereich1\/files\/2018\/10\/2018-2019-Preparation-Centre-Certificate_1-212x300.jpg 212w, https:\/\/freiherr-vom-stein.de\/fbereich1\/files\/2018\/10\/2018-2019-Preparation-Centre-Certificate_1-768x1086.jpg 768w, https:\/\/freiherr-vom-stein.de\/fbereich1\/files\/2018\/10\/2018-2019-Preparation-Centre-Certificate_1-106x150.jpg 106w, https:\/\/freiherr-vom-stein.de\/fbereich1\/files\/2018\/10\/2018-2019-Preparation-Centre-Certificate_1-400x566.jpg 400w\" sizes=\"auto, (max-width: 640px) 100vw, 640px\" \/><img loading=\"lazy\" decoding=\"async\" class=\"alignnone size-large wp-image-363\" src=\"http:\/\/freiherr-vom-stein.de\/fbereich1\/files\/2018\/10\/2018-2019-Preparation-Centre-Certificate_2-724x1024.jpg\" alt=\"\" width=\"640\" height=\"905\" srcset=\"https:\/\/freiherr-vom-stein.de\/fbereich1\/files\/2018\/10\/2018-2019-Preparation-Centre-Certificate_2-724x1024.jpg 724w, https:\/\/freiherr-vom-stein.de\/fbereich1\/files\/2018\/10\/2018-2019-Preparation-Centre-Certificate_2-212x300.jpg 212w, https:\/\/freiherr-vom-stein.de\/fbereich1\/files\/2018\/10\/2018-2019-Preparation-Centre-Certificate_2-768x1086.jpg 768w, https:\/\/freiherr-vom-stein.de\/fbereich1\/files\/2018\/10\/2018-2019-Preparation-Centre-Certificate_2-106x150.jpg 106w, https:\/\/freiherr-vom-stein.de\/fbereich1\/files\/2018\/10\/2018-2019-Preparation-Centre-Certificate_2-400x566.jpg 400w\" sizes=\"auto, (max-width: 640px) 100vw, 640px\" \/><\/p>\n<p>&nbsp;<\/p>\n<h3>Die \u201eHuntington School\u201c in<b> <\/b>Huntington, York (England) ist Partner der Freiherr-vom-Stein-Schule<\/h3>\n<p><a href=\"https:\/\/freiherr-vom-stein.de\/fbereich1\/files\/2018\/12\/Huntington-School-Partner-der-FvS.pdf\"><img loading=\"lazy\" decoding=\"async\" class=\"alignleft wp-image-578\" src=\"http:\/\/freiherr-vom-stein.de\/fbereich1\/files\/2018\/12\/hunt-logo-head-new_new.png\" alt=\"\" width=\"82\" height=\"112\" \/><\/a><\/p>\n<p>&nbsp;<\/p>\n<p><em>Bist du zwischen 13 und 18 Jahre alt? Interessierst du dich f\u00fcr ein Schuljahr in England? Oder m\u00f6chtest du zuerst einmal in den Ferien zwei Wochen englische Luft schnuppern, Spa\u00df haben und dein Englisch verbessern? Die Huntington School bietet seit mehr als 10 Jahren deutschen Sch\u00fclern ab 16 Jahren die Chance ein schulgeb\u00fchr-freies Schuljahr in York zu verbringen.<\/em><\/p>\n<p>Weitere Informationen hierzu erh\u00e4lt man durch Anklicken des \u201eHuntington School\u201c-Logos oder unter diesem Link:\u00a0<a href=\"http:\/\/freiherr-vom-stein.de\/fbereich1\/files\/2018\/12\/Huntington-School-Partner-der-FvS.pdf\" target=\"_blank\" rel=\"noopener\">Huntington School &#8211; Partner der FvSS<\/a><\/p>\n","protected":false},"excerpt":{"rendered":"<p>Das Fach Englisch wird an der Freiherr-vom-Stein-Schule ab der Jahrgangsstufe 5 als erste Fremdsprache unterrichtet und baut auf den bereits in der Grundschule erworbenen Kenntnissen der Sch\u00fclerinnen und Sch\u00fcler auf. Grundlage unseres kompetenzorientierten Unterrichts ist das Lehrwerk Camden Town des Diesterweg Verlages, das sowohl bereits erworbene Kenntnisse festigt als auch einen schnellen Einstieg in die [&hellip;]<\/p>\n","protected":false},"author":4,"featured_media":0,"parent":0,"menu_order":0,"comment_status":"open","ping_status":"closed","template":"","meta":{"ngg_post_thumbnail":0,"footnotes":""},"class_list":["post-107","page","type-page","status-publish","hentry"],"_links":{"self":[{"href":"https:\/\/freiherr-vom-stein.de\/fbereich1\/wp-json\/wp\/v2\/pages\/107","targetHints":{"allow":["GET"]}}],"collection":[{"href":"https:\/\/freiherr-vom-stein.de\/fbereich1\/wp-json\/wp\/v2\/pages"}],"about":[{"href":"https:\/\/freiherr-vom-stein.de\/fbereich1\/wp-json\/wp\/v2\/types\/page"}],"author":[{"embeddable":true,"href":"https:\/\/freiherr-vom-stein.de\/fbereich1\/wp-json\/wp\/v2\/users\/4"}],"replies":[{"embeddable":true,"href":"https:\/\/freiherr-vom-stein.de\/fbereich1\/wp-json\/wp\/v2\/comments?post=107"}],"version-history":[{"count":30,"href":"https:\/\/freiherr-vom-stein.de\/fbereich1\/wp-json\/wp\/v2\/pages\/107\/revisions"}],"predecessor-version":[{"id":589,"href":"https:\/\/freiherr-vom-stein.de\/fbereich1\/wp-json\/wp\/v2\/pages\/107\/revisions\/589"}],"wp:attachment":[{"href":"https:\/\/freiherr-vom-stein.de\/fbereich1\/wp-json\/wp\/v2\/media?parent=107"}],"curies":[{"name":"wp","href":"https:\/\/api.w.org\/{rel}","templated":true}]}}