{"id":109,"date":"2015-06-08T10:41:55","date_gmt":"2015-06-08T10:41:55","guid":{"rendered":"http:\/\/freiherr-vom-stein.de\/fbereich1\/?page_id=109"},"modified":"2024-11-06T16:01:33","modified_gmt":"2024-11-06T16:01:33","slug":"franzoesisch","status":"publish","type":"page","link":"https:\/\/freiherr-vom-stein.de\/fbereich1\/franzoesisch\/","title":{"rendered":"Franz\u00f6sisch"},"content":{"rendered":"<p><strong>Die Kolleginnen und Kollegen der Franz\u00f6sisch-Fachschaft:<\/strong><\/p>\n<figure id=\"attachment_687\" aria-describedby=\"caption-attachment-687\" style=\"width: 783px\" class=\"wp-caption aligncenter\"><a href=\"http:\/\/freiherr-vom-stein.de\/fbereich1\/files\/2024\/11\/540e479a-730c-4037-a0d5-bef9885c4f6a-1.jpg\"><img loading=\"lazy\" decoding=\"async\" class=\" wp-image-687\" src=\"http:\/\/freiherr-vom-stein.de\/fbereich1\/files\/2024\/11\/540e479a-730c-4037-a0d5-bef9885c4f6a-1-1024x882.jpg\" alt=\"\" width=\"783\" height=\"675\" srcset=\"https:\/\/freiherr-vom-stein.de\/fbereich1\/files\/2024\/11\/540e479a-730c-4037-a0d5-bef9885c4f6a-1-1024x882.jpg 1024w, https:\/\/freiherr-vom-stein.de\/fbereich1\/files\/2024\/11\/540e479a-730c-4037-a0d5-bef9885c4f6a-1-300x259.jpg 300w, https:\/\/freiherr-vom-stein.de\/fbereich1\/files\/2024\/11\/540e479a-730c-4037-a0d5-bef9885c4f6a-1-768x662.jpg 768w, https:\/\/freiherr-vom-stein.de\/fbereich1\/files\/2024\/11\/540e479a-730c-4037-a0d5-bef9885c4f6a-1.jpg 1469w\" sizes=\"auto, (max-width: 783px) 100vw, 783px\" \/><\/a><figcaption id=\"caption-attachment-687\" class=\"wp-caption-text\">v.l.n.r.: Maria Grigoroudi (Fachsprecherin F, Ch, DS), Sandra M\u00fcllereistert (F, E, Spa), Anna Caltagirone-Amante (F, D, Ita), Elodie Losfeld (F, Ita), Paulina da Silva (F, E), Olivier Franz (F, Ph)<\/figcaption><\/figure>\n<p><strong>Informationen zum Unterricht in der Sekundarstufe I<\/strong><\/p>\n<p>Franz\u00f6sisch wird an unserer Schule als\u00a0<strong>2. Fremdsprache<\/strong>\u00a0ab der Jahrgangsstufe 6 unterrichtet und bis zum Abitur angeboten. Hierbei findet der Unterricht in der 6. Klasse vierst\u00fcndig und ab der 7. Klasse dreist\u00fcndig teil. Unser Ziel besteht darin, unsere Sch\u00fclerinnen und Sch\u00fcler ab dem ersten Lernjahr in ihrer kommunikativen und interkulturellen Kompetenz zu f\u00f6rdern, damit sie sich im franz\u00f6sischsprachigen Raum so fr\u00fch wie m\u00f6glich verst\u00e4ndigen k\u00f6nnen. Der Unterricht bietet daher authentische Sprech- und Schreibanl\u00e4sse und bezieht Themen aus der Lebenswelt der Lernenden ein.<\/p>\n<p>Seit dem Schuljahr 2013\/14 arbeiten wir Lehrkr\u00e4fte in den Jahrgangsstufen 6 bis 10 mit dem neuen Lehrwerk \u201e<strong>A plus<\/strong>\u201c von Cornelsen, welches mit vielen zus\u00e4tzlichen Materialien ein abwechslungsreiches und kompetenzorientiertes Lernen erm\u00f6glicht. Au\u00dferdem erg\u00e4nzen Projekte (wie z.B. Videos, Lekt\u00fcren, kreative Schreibauftr\u00e4ge, Theaterst\u00fccke) die Arbeit mit dem Lehrwerk.<\/p>\n<p><strong>Austausch<\/strong><\/p>\n<p>Im dritten Lernjahr (Jahrgangsstufe 8) k\u00f6nnen interessierte Sch\u00fclerinnen und Sch\u00fcler am Austausch mit unserer franz\u00f6sischen<strong>\u00a0Partnerschule in Champagne-au-Mont-d\u2019Or (bei Lyon) <\/strong>teilnehmen. Unsere Lernenden erhalten hier eine Woche lang einen Einblick in den Alltag ihres Partners oder ihrer Partnerin, schnuppern in den Unterricht in Frankreich hinein, leben in der Gastfamilie und bekommen die Gelegenheit, Lyon hautnah zu erleben. Unser Gegenbesuch aus Lyon kommt danach (oder davor) ebenfalls f\u00fcr eine Woche nach Deutschland.<\/p>\n<p><strong>Oberstufe<\/strong><\/p>\n<p>In der Oberstufe (E-Phase, Q-Phase) werden zurzeit\u00a0<strong>Grundkurse<\/strong>\u00a0mit jeweils drei Stunden in der Woche angeboten. Entsprechend kann Franz\u00f6sisch als Pr\u00fcfungsfach im\u00a0<strong>Abitur<\/strong>\u00a0gew\u00e4hlt werden. In der Regel wird nicht mit einem festen Lehrwerk unterrichtet, sondern mit verschiedenen Textsorten, die an die Themen des hessischen Kerncurriculums gebunden sind.<\/p>\n<p>Aufgrund der geringen Anmeldezahlen gibt es in der Q-Phase einen Kombikurs (Grundkurs). F\u00fcr einen Leistungskurs interessieren sich zwar immer wieder Sch\u00fclerinnen und Sch\u00fcler, allerdings kann aufgrund der wenigen Anmeldungen kein Kurs zustande kommen. Auch nach zahlreichen Bem\u00fchungen erkl\u00e4rt sich kein benachbartes Gymnasium bereit, die Lernenden in entsprechende Leistungskurse aufzunehmen.<\/p>\n<p>Zudem nimmt unsere Schule am Brigitte-Sauzay- und am Voltaire-Programm teil. Sch\u00fclerinnen und Sch\u00fcler der E-Phase k\u00f6nnen bei Interesse einen <strong>3-monatigen Frankreichaufenthalt<\/strong>\u00a0in einer Gastfamilie in Lyon wahrnehmen; im Gegenzug wird die franz\u00f6sische Austauschpartnerin oder der franz\u00f6sische Austauschpartner f\u00fcr den gleichen Zeitraum nach Deutschland kommen und in seiner Gastfamilie leben.<\/p>\n<p><strong>Weitere Angebote unseres Fachbereichs<\/strong><\/p>\n<p>Es ist m\u00f6glich, das Fach Franz\u00f6sisch als Wahlpflichtunterricht (dritte Fremdsprache) ab der Stufe 8 zu belegen. Unser Fachbereich nimmt zudem eine Vielzahl von schulischen\u00a0<strong>Wettbewerben<\/strong>\u00a0(z.B. <strong>Theaterwettbewerb \u201eNous faisons du th\u00e9\u00e2tre\u201c<\/strong> oder\u00a0<strong>Bundeswettbewerb f\u00fcr Fremdsprachen<\/strong>) wahr. So findet in der 8. Klasse allj\u00e4hrlich ein\u00a0<strong>Vorlesewettbewerb<\/strong>\u00a0statt, bei dem der Schulsieger die Schule auf der n\u00e4chsten Ebene vertritt. In der Oberstufe k\u00f6nnen einzelne Sch\u00fclerinnen und Sch\u00fcler am\u00a0<strong>DFG-Schreibwettbewerb<\/strong>\u00a0teilnehmen. Ein weiteres Anliegen ist der Besuch von au\u00dferschulischen<strong>\u00a0franz\u00f6sische<\/strong><strong>n<\/strong> <strong>Events<\/strong>\u00a0wie den franz\u00f6sischen St\u00fccken im Internationalen Theater, dem franz\u00f6sischen Filmfestival Cin\u00e9f\u00eate oder die Organisation von Lesungen.<\/p>\n","protected":false},"excerpt":{"rendered":"<p>Die Kolleginnen und Kollegen der Franz\u00f6sisch-Fachschaft: Informationen zum Unterricht in der Sekundarstufe I Franz\u00f6sisch wird an unserer Schule als\u00a02. Fremdsprache\u00a0ab der Jahrgangsstufe 6 unterrichtet und bis zum Abitur angeboten. Hierbei findet der Unterricht in der 6. Klasse vierst\u00fcndig und ab der 7. Klasse dreist\u00fcndig teil. Unser Ziel besteht darin, unsere Sch\u00fclerinnen und Sch\u00fcler ab dem [&hellip;]<\/p>\n","protected":false},"author":4,"featured_media":0,"parent":0,"menu_order":0,"comment_status":"open","ping_status":"closed","template":"","meta":{"ngg_post_thumbnail":0,"footnotes":""},"class_list":["post-109","page","type-page","status-publish","hentry"],"_links":{"self":[{"href":"https:\/\/freiherr-vom-stein.de\/fbereich1\/wp-json\/wp\/v2\/pages\/109","targetHints":{"allow":["GET"]}}],"collection":[{"href":"https:\/\/freiherr-vom-stein.de\/fbereich1\/wp-json\/wp\/v2\/pages"}],"about":[{"href":"https:\/\/freiherr-vom-stein.de\/fbereich1\/wp-json\/wp\/v2\/types\/page"}],"author":[{"embeddable":true,"href":"https:\/\/freiherr-vom-stein.de\/fbereich1\/wp-json\/wp\/v2\/users\/4"}],"replies":[{"embeddable":true,"href":"https:\/\/freiherr-vom-stein.de\/fbereich1\/wp-json\/wp\/v2\/comments?post=109"}],"version-history":[{"count":10,"href":"https:\/\/freiherr-vom-stein.de\/fbereich1\/wp-json\/wp\/v2\/pages\/109\/revisions"}],"predecessor-version":[{"id":688,"href":"https:\/\/freiherr-vom-stein.de\/fbereich1\/wp-json\/wp\/v2\/pages\/109\/revisions\/688"}],"wp:attachment":[{"href":"https:\/\/freiherr-vom-stein.de\/fbereich1\/wp-json\/wp\/v2\/media?parent=109"}],"curies":[{"name":"wp","href":"https:\/\/api.w.org\/{rel}","templated":true}]}}