{"id":21,"date":"2010-11-30T08:15:50","date_gmt":"2010-11-30T08:15:50","guid":{"rendered":"http:\/\/freiherr-vom-stein.de\/fbereich1\/"},"modified":"2025-06-24T11:50:47","modified_gmt":"2025-06-24T11:50:47","slug":"musik","status":"publish","type":"page","link":"https:\/\/freiherr-vom-stein.de\/fbereich1\/musik\/","title":{"rendered":"Musik"},"content":{"rendered":"<h4 style=\"text-align: center\"><em><span style=\"color: #800080\"><strong>Musik in der Schule? Muss man da nicht Notenlesen lernen? <\/strong><strong>Das habe ich nie verstanden.<\/strong><\/span><\/em><\/h4>\n<h4 style=\"text-align: center\"><span style=\"color: #000000\"><strong>Wer kennt diesen Ausspruch nicht?<\/strong><\/span><\/h4>\n<h2 style=\"text-align: center\"><span style=\"color: #800080\">Es geht auch anders!<\/span><\/h2>\n<p>&nbsp;<\/p>\n<p style=\"text-align: left\"><a href=\"http:\/\/freiherr-vom-stein.de\/fbereich1\/files\/2018\/11\/collage-Musik-Homepgae.jpg\" rel=\"noopener\"><img loading=\"lazy\" decoding=\"async\" class=\"aligncenter wp-image-407 size-full\" src=\"http:\/\/freiherr-vom-stein.de\/fbereich1\/files\/2018\/11\/collage-Musik-Homepgae.jpg\" alt=\"\" width=\"1280\" height=\"960\" srcset=\"https:\/\/freiherr-vom-stein.de\/fbereich1\/files\/2018\/11\/collage-Musik-Homepgae.jpg 1280w, https:\/\/freiherr-vom-stein.de\/fbereich1\/files\/2018\/11\/collage-Musik-Homepgae-300x225.jpg 300w, https:\/\/freiherr-vom-stein.de\/fbereich1\/files\/2018\/11\/collage-Musik-Homepgae-768x576.jpg 768w, https:\/\/freiherr-vom-stein.de\/fbereich1\/files\/2018\/11\/collage-Musik-Homepgae-1024x768.jpg 1024w, https:\/\/freiherr-vom-stein.de\/fbereich1\/files\/2018\/11\/collage-Musik-Homepgae-150x113.jpg 150w, https:\/\/freiherr-vom-stein.de\/fbereich1\/files\/2018\/11\/collage-Musik-Homepgae-400x300.jpg 400w\" sizes=\"auto, (max-width: 1280px) 100vw, 1280px\" \/><\/a><\/p>\n<p>&nbsp;<\/p>\n<p style=\"text-align: left\">Unsere Sch\u00fclerInnen sollen bef\u00e4higt werden, aktiv und verst\u00e4ndig am <strong>kulturellen und musikalischen Leben<\/strong> teilzunehmen. Im Musikunterricht m\u00f6chten wir den Sch\u00fclerInnen einen m\u00f6glichst <strong>vielf\u00e4ltigen<\/strong>, <strong>praxisorientierten<\/strong> und damit <strong>nachhaltigen<\/strong> <strong>Zugang<\/strong> zur Musik und zur Musiktheorie vermitteln. Dazu wird besonders in den Jahrgangsstufen 5-7 viel <strong>gesungen<\/strong>, <strong>geklatscht<\/strong> und mit <strong>Bodypercussion<\/strong> gearbeitet, um <strong>Musik erfahrbar<\/strong> zu machen. U. a. das moderne Lehrwerk \u201eMusiX\u201c bietet den Sch\u00fclerInnen an dieser Stelle einen vielf\u00e4ltigen, abwechslungsreichen, systematisierten und kompetenzorientierten Zugang. Der Umgang mit der <strong>Notenschrift<\/strong> wird neben vielen anderen <strong>musikalischen Fertigkeiten<\/strong> dabei sinnvoll erlernt.<\/p>\n<p style=\"text-align: left\">In der Mittelstufe erweitern die Sch\u00fclerInnen &#8211; aufbauend auf den Inhalten der Unterstufe &#8211; ihre musikalischen Fertigkeiten und erschlie\u00dfen weitere Bereiche der <strong>Musikgeschichte<\/strong> sowie <strong>aktueller Musik<\/strong>. Die <strong>Analyse<\/strong> von Musik und das <strong>Sprechen \u00fcber Musik und gr\u00f6\u00dfere Zusammenh\u00e4nge<\/strong> r\u00fccken weiter in den Vordergrund und werden in der Oberstufe vertieft.\u00a0Dabei arbeiten wir auch praktisch und bereichern den Unterricht und das Verstehen von Musik und deren Wirken\/Wirkung durch den <strong>Besuch von Konzerten<\/strong> professioneller K\u00fcnstlerInnen, die vor- und nachbereitet werden.<\/p>\n<p style=\"text-align: left\">Die Inhalte des Musikunterrichts werden nach M\u00f6glichkeit\u00a0um\u00a0<strong>Musikprojekte<\/strong> erweitert, die in unserem kulturreichen Frankfurt regelm\u00e4\u00dfig\u00a0m\u00f6glich sind. <strong>Kooperationsprojekte und -konzerte<\/strong> mit Musikschulen, der Hochschule f\u00fcr Musik und Darstellende Kunst, dem Musikkonservatorium bzw. der Musikakademie Dr. Hoch&#8217;s, der Alten Oper, sowie der Oper Frankfurt und weiteren Kulturinstituten sind eine willkommene Erg\u00e4nzung.<\/p>\n<p>&nbsp;<\/p>\n<h4 style=\"text-align: left\"><span style=\"text-decoration: underline\"><strong>Stundentafel Musikunterricht (G9)<\/strong><\/span><\/h4>\n<table style=\"height: 412px;width: 79.0177%\">\n<tbody>\n<tr style=\"height: 24px\">\n<td style=\"width: 30.5024%;text-align: center;height: 16px\"><\/td>\n<td style=\"width: 18.231%;text-align: center;height: 16px\"><strong>Jahrgangsstufe<span style=\"color: #800080\"><br \/>\n<\/span><\/strong><\/td>\n<td style=\"width: 19.2905%;text-align: center;height: 16px\"><strong>Wochenstunden <\/strong><\/p>\n<p><strong>(Schuljahr 2020\/21)<\/strong><\/td>\n<td style=\"width: 19.4111%;text-align: center\"><strong>Wochenstunden <\/strong><\/p>\n<p><strong>(ab Schuljahr 202\/22)<\/strong><\/td>\n<\/tr>\n<tr style=\"height: 24px\">\n<td style=\"width: 30.5024%;text-align: center;height: 74px\" rowspan=\"3\"><span style=\"color: #800080\"><strong>Sek. I<\/strong><\/span><\/p>\n<p><span style=\"color: #800080\"><strong>(Unterstufe)<\/strong><\/span><\/td>\n<td style=\"text-align: center;width: 18.231%;height: 24px\">5<\/td>\n<td style=\"text-align: center;width: 19.2905%;height: 24px\">2<\/td>\n<td style=\"text-align: center;width: 19.4111%\">2<\/td>\n<\/tr>\n<tr style=\"height: 25px\">\n<td style=\"text-align: center;width: 18.231%;height: 25px\">6<\/td>\n<td style=\"text-align: center;width: 19.2905%;height: 25px\">2<\/td>\n<td style=\"text-align: center;width: 19.4111%\">2<\/td>\n<\/tr>\n<tr style=\"height: 25px\">\n<td style=\"text-align: center;width: 18.231%;height: 25px\">7<\/td>\n<td style=\"text-align: center;width: 19.2905%;height: 25px\">2<\/td>\n<td style=\"text-align: center;width: 19.4111%\">2<\/td>\n<\/tr>\n<tr style=\"height: 25px\">\n<td style=\"width: 30.5024%;text-align: center;height: 75px\" rowspan=\"3\"><span style=\"color: #800080\"><strong>Sek. I<\/strong><\/span><\/p>\n<p><span style=\"color: #800080\"><strong>(Mittelstufe)<\/strong><\/span><\/td>\n<td style=\"text-align: center;width: 18.231%;height: 25px\">8<\/td>\n<td style=\"text-align: center;width: 19.2905%;height: 25px\">&#8211;<\/td>\n<td style=\"text-align: center;width: 19.4111%\">&#8211;<\/td>\n<\/tr>\n<tr style=\"height: 25px\">\n<td style=\"text-align: center;width: 18.231%;height: 25px\">9<\/td>\n<td style=\"text-align: center;width: 19.2905%;height: 25px\">&#8211;<\/td>\n<td style=\"text-align: center;width: 19.4111%\">1*<\/td>\n<\/tr>\n<tr style=\"height: 25px\">\n<td style=\"text-align: center;width: 18.231%;height: 25px\">10<\/td>\n<td style=\"text-align: center;width: 19.2905%;height: 25px\">2<\/td>\n<td style=\"text-align: center;width: 19.4111%\">1*<\/td>\n<\/tr>\n<tr style=\"height: 25px\">\n<td style=\"width: 30.5024%;text-align: center;height: 75px\" rowspan=\"3\"><span style=\"color: #800080\"><strong>Sek. II<\/strong><\/span><\/p>\n<p><span style=\"color: #800080\"><strong>(Oberstufe)<\/strong><\/span><\/td>\n<td style=\"text-align: center;width: 18.231%;height: 25px\">E1-2<\/td>\n<td style=\"text-align: center;width: 19.2905%;height: 25px\">2<\/td>\n<td style=\"text-align: center;width: 19.4111%\">2<\/td>\n<\/tr>\n<tr style=\"height: 25px\">\n<td style=\"text-align: center;width: 18.231%;height: 25px\">Q1-2<\/td>\n<td style=\"text-align: center;width: 19.2905%;height: 25px\">3 (2)<\/td>\n<td style=\"text-align: center;width: 19.4111%\">3 (2)<\/td>\n<\/tr>\n<tr style=\"height: 25px\">\n<td style=\"text-align: center;width: 18.231%;height: 25px\">Q3-4<\/td>\n<td style=\"text-align: center;width: 19.2905%;height: 25px\">3 (2)<\/td>\n<td style=\"text-align: center;width: 19.4111%\">3 (2)<\/td>\n<\/tr>\n<\/tbody>\n<\/table>\n<p><sup>* nur ein Schulhalbjahr 2 Std.\/Woche (epochal wechselnd mit Kunst)<\/sup><\/p>\n<p>&nbsp;<\/p>\n<p style=\"text-align: left\">Wir m\u00f6chten die Sch\u00fclerInnen motivieren, <strong>selbst Musik zu machen<\/strong>, sei es mit einem <strong>Instrument<\/strong> oder mit der <strong>Stimme<\/strong>. Besonders gut k\u00f6nnen sich unsere Sch\u00fclerInnen in den <strong>verschiedenen Musik-AGen<\/strong> der Schule engagieren, um hier gemeinsam Musik zu machen und ihre <strong>F\u00e4higkeiten beim Singen und Musizieren<\/strong> zu steigern.<\/p>\n<p style=\"text-align: left\">Es besteht grunds\u00e4tzlich die M\u00f6glichkeit, in der Schule <strong>Instrumentalunterricht<\/strong> zu nehmen, der in Kooperation\u00a0und im Rahmen der M\u00f6glichkeiten auch \u00fcber Lehrkr\u00e4fte einer Musikschule oder Privatdozent\/innen im\u00a0Schulgeb\u00e4ude angeboten wird. Gerne helfen wir auch bei der Suche nach Instrumentallehrkr\u00e4ften.<\/p>\n<p style=\"text-align: left\">Im Rahmen der sehr erfolgreichen <strong>Schulkonzerte<\/strong> treten die verschiedenen Ensembles der Schule auf und pr\u00e4sentieren die Ergebnisse der flei\u00dfigen Probenarbeit in den AGen. Auch Einzel- oder Kleingruppen-Beitr\u00e4ge kommen dabei zum Zuge. Ein Genuss f\u00fcr alle Zuh\u00f6renden!<\/p>\n<h4 style=\"text-align: left\"><strong><span style=\"text-decoration: underline\"><br \/>\nArbeitsgemeinschaften<\/span><\/strong><span style=\"text-decoration: underline\"><br \/>\n<\/span><\/h4>\n<p>Hinweis: Aufgrund der Pandemie (SARS-CoV2) finden derzeit keine AGen und Konzerte statt.<\/p>\n<table style=\"height: 320px;width: 1040px\">\n<tbody>\n<tr style=\"height: 29px\">\n<td style=\"height: 29px;width: 32.2063%\"><strong>AG-Bezeichnung<\/strong><\/td>\n<td style=\"width: 16.726%;text-align: center\"><strong>Stufe<\/strong>**<\/td>\n<td style=\"height: 29px;width: 16.726%;text-align: center\"><strong>Std.\/Woche<\/strong><\/td>\n<td style=\"height: 29px;width: 32.3843%;text-align: center\"><\/td>\n<\/tr>\n<tr style=\"height: 29px\">\n<td style=\"height: 29px;width: 32.2063%\">Chor 5<\/td>\n<td style=\"width: 16.726%;text-align: center\">5<\/td>\n<td style=\"height: 29px;width: 16.726%;text-align: center\">1<\/td>\n<td style=\"height: 29px;width: 32.3843%;text-align: center\"><\/td>\n<\/tr>\n<tr style=\"height: 29px\">\n<td style=\"height: 29px;width: 32.2063%\">Chor 6<\/td>\n<td style=\"width: 16.726%;text-align: center\">6<\/td>\n<td style=\"height: 29px;width: 16.726%;text-align: center\">1<\/td>\n<td style=\"height: 29px;width: 32.3843%;text-align: center\"><\/td>\n<\/tr>\n<tr style=\"height: 29px\">\n<td style=\"height: 29px;width: 32.2063%\">Chor 6-Q4<\/td>\n<td style=\"width: 16.726%;text-align: center\">6-Q4<\/td>\n<td style=\"height: 29px;width: 16.726%;text-align: center\">2<\/td>\n<td style=\"height: 29px;width: 32.3843%;text-align: center\"><\/td>\n<\/tr>\n<tr style=\"height: 30px\">\n<td style=\"height: 30px;width: 32.2063%\">Instrumental AG<\/td>\n<td style=\"width: 16.726%;text-align: center\">5-7<\/td>\n<td style=\"height: 30px;width: 16.726%;text-align: center\">1<\/td>\n<td style=\"height: 30px;width: 32.3843%;text-align: center\"><\/td>\n<\/tr>\n<tr style=\"height: 30px\">\n<td style=\"height: 30px;width: 32.2063%\">Schulband<\/td>\n<td style=\"width: 16.726%;text-align: center\">8-Q4<\/td>\n<td style=\"height: 30px;width: 16.726%;text-align: center\">2<\/td>\n<td style=\"height: 30px;width: 32.3843%;text-align: center\"><\/td>\n<\/tr>\n<tr style=\"height: 30px\">\n<td style=\"height: 30px;width: 32.2063%\">Streicherensemble<\/td>\n<td style=\"width: 16.726%;text-align: center\">offen<\/td>\n<td style=\"height: 30px;width: 16.726%;text-align: center\">2<\/td>\n<td style=\"height: 30px;width: 32.3843%;text-align: center\"><\/td>\n<\/tr>\n<tr style=\"height: 30px\">\n<td style=\"height: 30px;width: 32.2063%\">Blechbl\u00e4serensemble*<\/td>\n<td style=\"width: 16.726%;text-align: center\">offen<\/td>\n<td style=\"height: 30px;width: 16.726%;text-align: center\">1<\/td>\n<td style=\"height: 30px;width: 32.3843%;text-align: center\"><\/td>\n<\/tr>\n<tr>\n<td style=\"width: 32.2063%\">Ukulelen-AG*<\/td>\n<td style=\"width: 16.726%;text-align: center\">offen<\/td>\n<td style=\"width: 16.726%;text-align: center\">1<\/td>\n<td style=\"width: 32.3843%;text-align: center\"><\/td>\n<\/tr>\n<\/tbody>\n<\/table>\n<p><sup>* ruhend \/ ** Abweichungen nach Absprache m\u00f6glich<\/sup><\/p>\n<p>&nbsp;<\/p>\n<h4 style=\"text-align: left\"><span style=\"text-decoration: underline\"><strong>M U S I K &#8211; f\u00fcr schlaue F\u00fcchse<\/strong><\/span><\/h4>\n<p style=\"text-align: left\">Hier ein paar n\u00fctzliche Links rund um Musik.<\/p>\n<table style=\"height: 40px;width: 561px\">\n<tbody>\n<tr style=\"height: 30px\">\n<td style=\"height: 10px;width: 309px\"><em>Komponisten, H\u00f6rbeispiele, usw.<\/em><\/td>\n<td style=\"height: 10px;width: 236px;text-align: left\"><span style=\"color: #800080\"><a style=\"color: #800080\" href=\"http:\/\/www.klassik4kids.at\" target=\"_blank\" rel=\"noopener noreferrer\">klassik4kids.at<\/a><\/span><\/td>\n<\/tr>\n<tr style=\"height: 30px\">\n<td style=\"height: 30px;width: 309px\"><em>Orchesterinstrumente, Videos &amp; \u00dcbungen<\/em><\/td>\n<td style=\"height: 30px;width: 236px;text-align: left\"><span style=\"color: #800080\"><a style=\"color: #800080\" href=\"http:\/\/www.junge-klassik.de\" target=\"_blank\" rel=\"noopener noreferrer\">junge-klassik.de<\/a><\/span><\/td>\n<\/tr>\n<tr>\n<td style=\"width: 309px\"><em>Musiktheorie<\/em><\/td>\n<td style=\"width: 236px;text-align: left\"><span style=\"color: #800080\"><a style=\"color: #800080\" href=\"http:\/\/www.lehrklaenge.de\" target=\"_blank\" rel=\"noopener noreferrer\">lehrklaenge.de<\/a><\/span><\/td>\n<\/tr>\n<tr>\n<td style=\"width: 309px\"><em>Musiklexikon<\/em><\/td>\n<td style=\"width: 236px;text-align: left\"><span style=\"color: #800080\"><a style=\"color: #800080\" href=\"http:\/\/www.musiklexikon.info\/musiklexikon\" target=\"_blank\" rel=\"noopener\">musiklexikon.info<\/a><\/span><\/p>\n<p><span style=\"color: #800080\"><a style=\"color: #800080\" href=\"https:\/\/musikwissenschaften.de\/lexikon\/a\/\" target=\"_blank\" rel=\"noopener\">musikwissenschaften.de\/lexikon<\/a><\/span><\/td>\n<\/tr>\n<tr>\n<td style=\"width: 309px\"><em>H\u00f6rtraining<\/em><\/td>\n<td style=\"width: 236px;text-align: left\"><span style=\"color: #800080\"><a style=\"color: #800080\" href=\"http:\/\/www.schulmusikaarau.ch\" target=\"_blank\" rel=\"noopener noreferrer\">schulmusikaarau.ch<\/a><\/span><\/p>\n<p><span style=\"color: #800080\"><a style=\"color: #800080\" href=\"https:\/\/musikwissenschaften.de\" target=\"_blank\" rel=\"noopener noreferrer\">musikwissenschaften.de<\/a><\/span><\/p>\n<p><span style=\"color: #800080\"><a style=\"color: #800080\" href=\"http:\/\/www.musicademy.de\/\" target=\"_blank\" rel=\"noopener noreferrer\">musicademy.de<\/a><\/span><\/p>\n<p><span style=\"color: #800080\"><a style=\"color: #800080\" href=\"http:\/\/www.musicians-place.de\" target=\"_blank\" rel=\"noopener noreferrer\">musicians-place.de<\/a><\/span><\/p>\n<p><span style=\"color: #800080\"><a style=\"color: #800080\" href=\"http:\/\/www.mario-music.ch\/\" target=\"_blank\" rel=\"noopener noreferrer\">www.mario-music.ch<\/a><\/span><\/td>\n<\/tr>\n<\/tbody>\n<\/table>\n<p>&nbsp;<\/p>\n<p style=\"text-align: left\">Ihre\/Eure Musikfachschaft der FvSS<\/p>\n<p>&nbsp;<\/p>\n<p style=\"text-align: left\"><a href=\"http:\/\/freiherr-vom-stein.de\/fbereich1\/files\/2010\/11\/animiertes-snoopy-bild-musik.gif\"><img loading=\"lazy\" decoding=\"async\" class=\"alignnone wp-image-300\" src=\"http:\/\/freiherr-vom-stein.de\/fbereich1\/files\/2010\/11\/animiertes-snoopy-bild-musik.gif\" alt=\"\" width=\"323\" height=\"202\" \/><\/a><\/p>\n<p style=\"text-align: left\">Bildquelle:\u00a0<span style=\"color: #800080\"><a style=\"color: #800080\" href=\"http:\/\/www.animierte-gifs.net\/cat-snoopy-1543.htm?page=1\" target=\"_blank\" rel=\"noopener noreferrer\">animierte-gifs.net<\/a>\u00a0<\/span>vom 24.01.2017<\/p>\n","protected":false},"excerpt":{"rendered":"<p>Musik in der Schule? Muss man da nicht Notenlesen lernen? Das habe ich nie verstanden. Wer kennt diesen Ausspruch nicht? Es geht auch anders! &nbsp; &nbsp; Unsere Sch\u00fclerInnen sollen bef\u00e4higt werden, aktiv und verst\u00e4ndig am kulturellen und musikalischen Leben teilzunehmen. Im Musikunterricht m\u00f6chten wir den Sch\u00fclerInnen einen m\u00f6glichst vielf\u00e4ltigen, praxisorientierten und damit nachhaltigen Zugang zur [&hellip;]<\/p>\n","protected":false},"author":33,"featured_media":0,"parent":0,"menu_order":3,"comment_status":"closed","ping_status":"closed","template":"","meta":{"ngg_post_thumbnail":0,"footnotes":""},"class_list":["post-21","page","type-page","status-publish","hentry"],"_links":{"self":[{"href":"https:\/\/freiherr-vom-stein.de\/fbereich1\/wp-json\/wp\/v2\/pages\/21","targetHints":{"allow":["GET"]}}],"collection":[{"href":"https:\/\/freiherr-vom-stein.de\/fbereich1\/wp-json\/wp\/v2\/pages"}],"about":[{"href":"https:\/\/freiherr-vom-stein.de\/fbereich1\/wp-json\/wp\/v2\/types\/page"}],"author":[{"embeddable":true,"href":"https:\/\/freiherr-vom-stein.de\/fbereich1\/wp-json\/wp\/v2\/users\/33"}],"replies":[{"embeddable":true,"href":"https:\/\/freiherr-vom-stein.de\/fbereich1\/wp-json\/wp\/v2\/comments?post=21"}],"version-history":[{"count":218,"href":"https:\/\/freiherr-vom-stein.de\/fbereich1\/wp-json\/wp\/v2\/pages\/21\/revisions"}],"predecessor-version":[{"id":698,"href":"https:\/\/freiherr-vom-stein.de\/fbereich1\/wp-json\/wp\/v2\/pages\/21\/revisions\/698"}],"wp:attachment":[{"href":"https:\/\/freiherr-vom-stein.de\/fbereich1\/wp-json\/wp\/v2\/media?parent=21"}],"curies":[{"name":"wp","href":"https:\/\/api.w.org\/{rel}","templated":true}]}}