{"id":167,"date":"2016-03-14T10:58:01","date_gmt":"2016-03-14T10:58:01","guid":{"rendered":"http:\/\/freiherr-vom-stein.de\/fbereich3\/?page_id=167"},"modified":"2024-03-05T21:33:11","modified_gmt":"2024-03-05T21:33:11","slug":"wettbewerbe","status":"publish","type":"page","link":"https:\/\/freiherr-vom-stein.de\/fbereich3\/wettbewerbe\/","title":{"rendered":"Wettbewerbe &#8211; Lernen und gewinnen"},"content":{"rendered":"<p>Wettbewerbe bieten interessierten und motivierten Sch\u00fclerinnen und Sch\u00fcler Anreize, sich \u00fcber den regul\u00e4ren Unterricht hinaus zu engagieren und sich neuen Herausforderungen zu stellen. Sie erm\u00f6glichen den Mitmachenden, \u00fcber die eigene Lerngruppe und Schule hinaus gegeneinander anzutreten und f\u00fcr sich selbst, die eigene Klasse oder die Schule Anerkennung und Preise zu gewinnen. <span style=\"line-height: 24px;text-align: center\">Mitmachen lohnt sich!<\/span><\/p>\n<p style=\"line-height: 24px;text-align: center\"><strong>Berichte zu erfolgreichen Teilnahmen:<br \/>\n<\/strong>Mathematikwettbewerb der 8. Klassen des Landes Hessen <a href=\"https:\/\/freiherr-vom-stein.de\/fbereich3\/2024\/03\/05\/mathematik-wettbewerb-klasse-8\/\">2024<\/a><strong><br \/>\n<\/strong>Chemie-Olympiade 2022 (<a href=\"https:\/\/freiherr-vom-stein.de\/fbereich3\/2022\/03\/06\/chemie-olympiade-2022-in-darmstadt-landesseminar-hessen-und-thueringen\/\">Landesseminar<\/a>)<br \/>\nMathematikolympiade <a href=\"https:\/\/freiherr-vom-stein.de\/blog\/2021\/01\/22\/mathematikwettbewerbe-2020-wir-gratulieren\/\">2021<\/a><br \/>\n&#8222;Heureka! Mensch und Natur&#8220;-Sch\u00fclerwettbewerb <a href=\"https:\/\/freiherr-vom-stein.de\/fbereich3\/2021\/02\/20\/erstmalige-teilnahme-an-heureka-mensch-und-natur-2020-2\/\">2020<\/a><br \/>\nJugendForscht-Wettbewerb 2019 (<a href=\"https:\/\/freiherr-vom-stein.de\/blog\/2019\/11\/21\/no-smog\/\">Regionalentscheid<\/a>)<br \/>\n&#8222;Chemie &#8211; die stimmt&#8220;-Wettbewerb 2019 (<a href=\"https:\/\/freiherr-vom-stein.de\/fbereich3\/2019\/03\/23\/auch-in-diesem-jahr-chemie-die-stimmt-an-der-freiherr-vom-stein-schule\/\">2. Runde<\/a>, <a href=\"https:\/\/freiherr-vom-stein.de\/fbereich3\/2019\/06\/15\/regionalrunde-west-des-wettbewerbs-chemie-die-stimmt-mit-hana-ajdin\/\">3. Runde<\/a>, <a href=\"https:\/\/freiherr-vom-stein.de\/fbereich3\/2019\/06\/17\/exkursion-zum-technoseum-und-planetarium-in-mannheim-der-klasse-9d\/\">Sonderpreis<\/a>)<br \/>\n&#8222;Chemie &#8211; die stimmt&#8220;-Wettbewerb 2018 (<a href=\"http:\/\/freiherr-vom-stein.de\/fbereich3\/2018\/03\/16\/chemie-die-stimmt-an-der-freiherr-vom-stein\/\">2. Runde<\/a>, <a href=\"http:\/\/freiherr-vom-stein.de\/fbereich3\/2018\/06\/17\/regionalrunde-chemie-die-stimmt-in-merseburg\/\">3. Runde<\/a>)<br \/>\nJugendForscht-Wettbewerb 2017 (<a href=\"http:\/\/freiherr-vom-stein.de\/blog\/2017\/02\/15\/mit-kaffeesatz-ein-e-bike-betreiben\/\">Regionalentscheid,<\/a>\u00a0<a href=\"http:\/\/freiherr-vom-stein.de\/blog\/2017\/04\/19\/oekocaps-ein-projekt-im-jugend-forscht-wettbewerb-2017\/\">Landesentschied<\/a>)<\/p>\n<p>In den letzten Jahren wurde an der Schule eine Wettbewerbskultur entwickelt und in einem <strong><a href=\"https:\/\/freiherr-vom-stein.de\/fbereich3\/mint-wettbewerbskonzept\/\">Wettbewerbskonzept<\/a><\/strong> zusammengefasst, bei der die Sch\u00fclerinnen und Sch\u00fcler Aufgabenstellungen im regul\u00e4ren Unterricht bew\u00e4ltigen oder in <a href=\"https:\/\/freiherr-vom-stein.de\/fbereich3\/arbeitsgemeinschaften\/\">Arbeitsgemeinschaften<\/a> oder im Wahlunterricht auf die Wettbewerbsteilnahmen vorbereitet werden.<\/p>\n<p><span style=\"line-height: 24px\"><strong>Beschreibung der Sch\u00fclerwettbewerbe<\/strong><br \/>\n<\/span><span style=\"line-height: 24px\">mit<\/span><span style=\"line-height: 1.5\"> regelm\u00e4\u00dfigen Teilnahmen von Sch\u00fclerinnen und Sch\u00fcler unserer Schule<br \/>\nsortiert in zeitlicher Reihenfolge ab Schuljahrsbeginn<br \/>\n<\/span><\/p>\n<p><img loading=\"lazy\" decoding=\"async\" class=\"wp-image-784 alignnone\" src=\"http:\/\/freiherr-vom-stein.de\/fbereich3\/files\/2021\/04\/Erlenmeyer-neu-mit-Deutschlandkarte-150x150.jpg\" alt=\"\" width=\"99\" height=\"99\" \/>\u00a0 \u00a0 <strong>&#8222;Ch<\/strong><strong>emie &#8211; die stimmt&#8220;-Wettbewerb<br \/>\n<\/strong><em>Jahrgangsstufen 9 und 10<br \/>\n<\/em><em>Informationen &amp; Anmeldung: <a href=\"https:\/\/www.chemie-die-stimmt.de\/\">www.chemie-die-stimmt.de<\/a><br \/>\n<\/em><em><strong>Beginn des Wettbewerbs: im September<\/strong><br \/>\nAbgabetermin der 1. Runde: bis sp\u00e4testens Ende der Winterferien bei betreuender Lehrkraft<br \/>\n<\/em>Der &#8222;Chemie &#8211; die stimmt&#8220;-Wettbewerb ist in den ersten beiden Runden ein hessischer Landeswettbewerb f\u00fcr die Stufe 9 und 10. In der ersten Auswahlrunde, der sogenannten Hausaufgabenrunde, sind herausfordernde Fragen zu verschiedenen Themengebieten der Chemie zu beantworten. Wer sich qualifiziert, darf an der Klausur der zweiten Runde im M\u00e4rz des Jahres teilnehmen. Wer es unter die besten Sechs seines Jahrgangs schafft, wird zur einer mehrt\u00e4gigen Regionalrunde eingeladen und trifft dort auf chemiebegeisterte Sch\u00fcler*innen anderer Bundesl\u00e4nder.<\/p>\n<p><strong><a href=\"http:\/\/freiherr-vom-stein.de\/fbereich3\/files\/2018\/05\/Bundesweiter-Wettbewerb-Physik.jpg\"><img loading=\"lazy\" decoding=\"async\" class=\"wp-image-428 alignnone\" src=\"http:\/\/freiherr-vom-stein.de\/fbereich3\/files\/2018\/05\/Bundesweiter-Wettbewerb-Physik.jpg\" alt=\"\" width=\"120\" height=\"77\" srcset=\"https:\/\/freiherr-vom-stein.de\/fbereich3\/files\/2018\/05\/Bundesweiter-Wettbewerb-Physik.jpg 568w, https:\/\/freiherr-vom-stein.de\/fbereich3\/files\/2018\/05\/Bundesweiter-Wettbewerb-Physik-300x192.jpg 300w, https:\/\/freiherr-vom-stein.de\/fbereich3\/files\/2018\/05\/Bundesweiter-Wettbewerb-Physik-150x96.jpg 150w, https:\/\/freiherr-vom-stein.de\/fbereich3\/files\/2018\/05\/Bundesweiter-Wettbewerb-Physik-400x256.jpg 400w\" sizes=\"auto, (max-width: 120px) 100vw, 120px\" \/><\/a>\u00a0 \u00a0 Bundesweiter Wettbewerb Physik<br \/>\n<\/strong><em>Informationen &amp; Anmeldung: <a href=\"http:\/\/www.mnu.de\/wettbewerbe#physikwettbewerb\">www.mnu.de\/wettbewerbe<\/a><\/em><br \/>\n<em><strong>Beginn des Wettbewerbs: im September<\/strong><br \/>\nAbgabetermin der 1. Runde: bis sp\u00e4testens Anfang Januar bei der betreuenden Lehrkraft<br \/>\n<\/em>Der bundesweite Wettbewerb Physik des MNU m\u00f6chte \u00fcber anschauliche Problemstellungen \u00a0Sch\u00fclerinnen und Sch\u00fcler der Klassen 6 bis 10 dazu anregen, physikalische Gesetzm\u00e4\u00dfigkeiten in den Sachverhalten von drei Aufgaben zu erkennen und anzuwenden. Oft gibt es eine experimentell zu l\u00f6sende Aufgaben. Die erste Runde ist geteilt in Juniorstufe (bis 8. Klasse) und Fortgeschrittene &#8211; Gruppenarbeit m\u00f6glich. Daran schlie\u00dft sich ggfs. eine zweite Hausaufgabenrunde und eine Bundesrunde an.<\/p>\n<p><strong><a href=\"http:\/\/freiherr-vom-stein.de\/fbereich3\/files\/2021\/04\/Logo_Mathematik-Olympiade.png\"><img loading=\"lazy\" decoding=\"async\" class=\"wp-image-789 alignnone\" src=\"http:\/\/freiherr-vom-stein.de\/fbereich3\/files\/2021\/04\/Logo_Mathematik-Olympiade.png\" alt=\"\" width=\"84\" height=\"84\" srcset=\"https:\/\/freiherr-vom-stein.de\/fbereich3\/files\/2021\/04\/Logo_Mathematik-Olympiade.png 250w, https:\/\/freiherr-vom-stein.de\/fbereich3\/files\/2021\/04\/Logo_Mathematik-Olympiade-150x150.png 150w\" sizes=\"auto, (max-width: 84px) 100vw, 84px\" \/><\/a>Internationale MathematikOlympiade<\/strong><br \/>\n<em>Information &amp; Anmeldung: <a href=\"https:\/\/www.mathematik-olympiaden.de\/moev\/index.php\">https:\/\/www.mathematik-olympiaden.de\/moev\/index.php<\/a><\/em><br \/>\n<em><strong>Beginn der Wettbewerbs: im Oktober<\/strong><br \/>\nAbgabetermin der 1. Schulrunde: Mitte September bei betreuender Lehrkraft<\/em><\/p>\n<p><strong><a href=\"http:\/\/freiherr-vom-stein.de\/fbereich3\/files\/2021\/04\/musemax_web.png\"><img loading=\"lazy\" decoding=\"async\" class=\"wp-image-786 alignnone\" src=\"http:\/\/freiherr-vom-stein.de\/fbereich3\/files\/2021\/04\/musemax_web.png\" alt=\"\" width=\"84\" height=\"95\" srcset=\"https:\/\/freiherr-vom-stein.de\/fbereich3\/files\/2021\/04\/musemax_web.png 240w, https:\/\/freiherr-vom-stein.de\/fbereich3\/files\/2021\/04\/musemax_web-133x150.png 133w\" sizes=\"auto, (max-width: 84px) 100vw, 84px\" \/><\/a>\u00a0 \u00a0 \u00a0 DECHEM<\/strong><strong>AX-Sch\u00fclerteamwettbewerb<br \/>\n<\/strong><em>Informationen &amp; Anmeldung: <a href=\"http:\/\/www.dechemax.de\/\">www.dechemax.de<\/a><br \/>\n<strong>Beginn des Wettbewerbs: im Herbst (Anfang November)<\/strong><br \/>\n<\/em>DECHEMAX ist ein bundesweiter Sch\u00fclerwettbewerb. In der ersten Runde, die im Herbst beginnt, m\u00fcssen die Teams von 3 &#8211; 5 Sch\u00fclerinnen und Sch\u00fclern der Klassen 7 &#8211; 11 etwa in w\u00f6chentlichem Abstand im Internet\u00a0 recherchierbare Fragen im Multiple-Choice-Format beantworten. Wer sich qualifiziert, darf an der zweiten Runde teilnehmen. Dann sind Aufgaben mit Experimenten zu l\u00f6sen.<\/p>\n<p><a href=\"http:\/\/freiherr-vom-stein.de\/fbereich3\/files\/2021\/04\/1887meg_75003e924b06111.jpg\"><img loading=\"lazy\" decoding=\"async\" class=\"wp-image-790 alignnone\" src=\"http:\/\/freiherr-vom-stein.de\/fbereich3\/files\/2021\/04\/1887meg_75003e924b06111.jpg\" alt=\"\" width=\"121\" height=\"68\" srcset=\"https:\/\/freiherr-vom-stein.de\/fbereich3\/files\/2021\/04\/1887meg_75003e924b06111.jpg 1156w, https:\/\/freiherr-vom-stein.de\/fbereich3\/files\/2021\/04\/1887meg_75003e924b06111-300x169.jpg 300w, https:\/\/freiherr-vom-stein.de\/fbereich3\/files\/2021\/04\/1887meg_75003e924b06111-1024x576.jpg 1024w, https:\/\/freiherr-vom-stein.de\/fbereich3\/files\/2021\/04\/1887meg_75003e924b06111-768x432.jpg 768w, https:\/\/freiherr-vom-stein.de\/fbereich3\/files\/2021\/04\/1887meg_75003e924b06111-150x84.jpg 150w, https:\/\/freiherr-vom-stein.de\/fbereich3\/files\/2021\/04\/1887meg_75003e924b06111-400x225.jpg 400w\" sizes=\"auto, (max-width: 121px) 100vw, 121px\" \/><\/a>\u00a0\u00a0<strong>Informatik-Biber<\/strong><br \/>\n<em>Informationen &amp; Anmeldung: <a href=\"https:\/\/bwinf.de\/biber\/\">https:\/\/bwinf.de\/biber\/<\/a><\/em><br \/>\n<em><strong>Anmeldung: ab September \u00fcber die Mathematiklehrkraft<\/strong><br \/>\n<\/em><em><strong>Termin:<\/strong><\/em><em>\u00a0<strong>im November\u00a0<\/strong><\/em><em>online-Eingabe mit Zugangscode\u00a0<\/em><em>\u00fcber zwei Schulwochen<\/em><em><br \/>\n<\/em>Der Informatik-Biber ist Deutschlands gr\u00f6\u00dfter Online-Sch\u00fclerwettbewerb im Bereich Informatik. Zum L\u00f6sen der spannenden und alltagsnahen Aufgaben sind keinerlei Informatik-Vorkenntnisse erforderlich.<\/p>\n<p><strong><a href=\"http:\/\/freiherr-vom-stein.de\/fbereich3\/files\/2021\/04\/images-1.jpg\"><img loading=\"lazy\" decoding=\"async\" class=\" wp-image-788 alignnone\" src=\"http:\/\/freiherr-vom-stein.de\/fbereich3\/files\/2021\/04\/images-1.jpg\" alt=\"\" width=\"79\" height=\"83\" srcset=\"https:\/\/freiherr-vom-stein.de\/fbereich3\/files\/2021\/04\/images-1.jpg 219w, https:\/\/freiherr-vom-stein.de\/fbereich3\/files\/2021\/04\/images-1-143x150.jpg 143w\" sizes=\"auto, (max-width: 79px) 100vw, 79px\" \/><\/a>\u00a0 \u00a0 \u00a0K\u00e4nguru der Mathematik <\/strong><em>\u00a0<a href=\"https:\/\/www.mathe-kaenguru.de\/\">www.mathe-kaenguru.de\/<\/a><br \/>\n<\/em><em>Informationen &amp; Anmeldung: \u00fcber die Mathematiklehrkraft im Unterricht<\/em><br \/>\n<em><strong>Anmeldung: im Februar \u00fcber den Mathematiklehrkraft<\/strong><br \/>\n<strong>Kostenbeitrag: 3,- \u20ac<\/strong><br \/>\n<\/em><em>Termin: 3. Donnerstag im M\u00e4rz (bundesweiter Klausurtag)<br \/>\n<\/em>&#8222;K\u00e4nguru der Mathematik&#8220; ist ein sehr beliebter, bundesweiter Klausureinzelwettbewerb im Multiple-Choice-Format f\u00fcr die Klassenstufen 5\/6, 7\/8, 8\/10 und 11-13, der mit seinen kniffeligen Aufgaben Lust auf Mathematik machen soll. Die Klausur wird an der jeweiligen Schule geschrieben. Es gibt Preise f\u00fcr alle &#8211; Urkunde und ein kleines Knobelspiel und Sonderpreise bei \u00fcberdurchschnittlichen Leistungen.<strong>\u00a0<\/strong><\/p>\n<p><img loading=\"lazy\" decoding=\"async\" class=\"wp-image-785 alignnone\" src=\"http:\/\/freiherr-vom-stein.de\/fbereich3\/files\/2021\/04\/Internationale-BiologieOlympiade-300x229.jpg\" alt=\"\" width=\"100\" height=\"76\" srcset=\"https:\/\/freiherr-vom-stein.de\/fbereich3\/files\/2021\/04\/Internationale-BiologieOlympiade-300x229.jpg 300w, https:\/\/freiherr-vom-stein.de\/fbereich3\/files\/2021\/04\/Internationale-BiologieOlympiade-150x115.jpg 150w, https:\/\/freiherr-vom-stein.de\/fbereich3\/files\/2021\/04\/Internationale-BiologieOlympiade-400x306.jpg 400w, https:\/\/freiherr-vom-stein.de\/fbereich3\/files\/2021\/04\/Internationale-BiologieOlympiade.jpg 651w\" sizes=\"auto, (max-width: 100px) 100vw, 100px\" \/>\u00a0 \u00a0 \u00a0 <strong>Internationale BiologieOlympiade<\/strong><br \/>\n<em>Information &amp; Anmeldung: <\/em><a href=\"http:\/\/www.biologieolympiade.de\/\">www.biologieolympiade.de\/<\/a><br \/>\n<em><strong>Beginn der Wettbewerbs: im April<\/strong><br \/>\nAbgabetermin der 1. Runde: Mitte September bei betreuender Lehrkraft<\/em><\/p>\n<p><em><br \/>\n<\/em><strong><a href=\"http:\/\/freiherr-vom-stein.de\/fbereich3\/files\/2016\/03\/IChO_Logo_kl.png\" rel=\"attachment wp-att-173\"><img loading=\"lazy\" decoding=\"async\" class=\" wp-image-173 alignnone\" src=\"http:\/\/freiherr-vom-stein.de\/fbereich3\/files\/2016\/03\/IChO_Logo_kl.png\" alt=\"IChO_Logo_kl\" width=\"120\" height=\"64\" \/><\/a>Inernationale ChemieOlympiade<br \/>\n<\/strong><em>Information &amp; Anmeldung:\u00a0<a href=\"http:\/\/wettbewerbe.ipn.uni-kiel.de\/icho\/\" target=\"_blank\" rel=\"noopener noreferrer\">wettbewerbe.ipn.uni-kiel.de\/icho\/<\/a>\u00a0 bzw.\u00a0<a href=\"https:\/\/icho-hessen.de\/\">IChO-Hessen<\/a><a href=\"http:\/\/wettbewerbe.ipn.uni-kiel.de\/icho\/\" target=\"_blank\" rel=\"noopener noreferrer\"><br \/>\n<\/a><strong>Beginn der Wettbewerbs: im April<\/strong><br \/>\nAbgabetermin der 1. Runde: Mitte September bei betreuender Lehrkraft<br \/>\n<\/em>Die Chemie-Olympiade ist ein bundesweiter Sch\u00fclerwettbewerb mit insgesamt vier Auswahlrunden, insbesondere f\u00fcr Oberstufensch\u00fcler:innen. In der ersten Runde sind in Heimarbeit Fragen zu verschiedenen Themengebieten der Chemie zu beantworten. Wer \u00fcber die H\u00e4lfte der Aufgaben richtig gel\u00f6st hat, qualifiziert sich f\u00fcr die zweite Runde, die als bundesweit einheitliche Klausurrunde durchgef\u00fchrt wird. Die zehn besten Sch\u00fcler:innen werden zum Landesseminar eingeladen und nehmen an der n\u00e4chsten Auswahlrunde teil.<strong><br \/>\n<a href=\"http:\/\/freiherr-vom-stein.de\/fbereich3\/files\/2021\/04\/Download-1.jpg\"><img loading=\"lazy\" decoding=\"async\" class=\"wp-image-787 alignnone\" src=\"http:\/\/freiherr-vom-stein.de\/fbereich3\/files\/2021\/04\/Download-1.jpg\" alt=\"\" width=\"152\" height=\"85\" srcset=\"https:\/\/freiherr-vom-stein.de\/fbereich3\/files\/2021\/04\/Download-1.jpg 300w, https:\/\/freiherr-vom-stein.de\/fbereich3\/files\/2021\/04\/Download-1-150x84.jpg 150w\" sizes=\"auto, (max-width: 152px) 100vw, 152px\" \/><\/a>\u00a0 \u00a0 \u00a0Internationale PhysikOlympiade<\/strong><br \/>\n<em>Information &amp; Anmeldung:\u00a0<\/em><a href=\"https:\/\/www.scienceolympiaden.de\/ipho\">https:\/\/www.scienceolympiaden.de\/ipho<\/a><br \/>\n<em><strong>Beginn der Wettbewerbs: im April<\/strong><br \/>\nAbgabetermin der 1. Runde: Mitte September bei betreuender Lehrkraft<\/em><\/p>\n<p>Alle aufgef\u00fchrten Wettbewerbe werden vom Hessischen Kultusministerium untersch\u00fctzt und werden von der Kultusministerkonferenz der L\u00e4nder empfohlen. Sie wurden auf der Grundlage von <a href=\"https:\/\/www.kmk.org\/fileadmin\/Dateien\/veroeffentlichungen_beschluesse\/2009\/Schuelerwettbewerbe-BS-17-09-2009.pdf\">Qualit\u00e4tskriterien<\/a> ausgew\u00e4hlt, die unter den L\u00e4ndern abgestimmt wurden.<em><br \/>\n<\/em><\/p>\n<p>&nbsp;<\/p>\n<p>&nbsp;<\/p>\n","protected":false},"excerpt":{"rendered":"<p>Wettbewerbe bieten interessierten und motivierten Sch\u00fclerinnen und Sch\u00fcler Anreize, sich \u00fcber den regul\u00e4ren Unterricht hinaus zu engagieren und sich neuen Herausforderungen zu stellen. Sie erm\u00f6glichen den Mitmachenden, \u00fcber die eigene Lerngruppe und Schule hinaus gegeneinander anzutreten und f\u00fcr sich selbst, die eigene Klasse oder die Schule Anerkennung und Preise zu gewinnen. Mitmachen lohnt sich! Berichte [&hellip;]<\/p>\n","protected":false},"author":4,"featured_media":0,"parent":0,"menu_order":0,"comment_status":"closed","ping_status":"closed","template":"","meta":{"ngg_post_thumbnail":0,"footnotes":""},"class_list":["post-167","page","type-page","status-publish","hentry"],"_links":{"self":[{"href":"https:\/\/freiherr-vom-stein.de\/fbereich3\/wp-json\/wp\/v2\/pages\/167","targetHints":{"allow":["GET"]}}],"collection":[{"href":"https:\/\/freiherr-vom-stein.de\/fbereich3\/wp-json\/wp\/v2\/pages"}],"about":[{"href":"https:\/\/freiherr-vom-stein.de\/fbereich3\/wp-json\/wp\/v2\/types\/page"}],"author":[{"embeddable":true,"href":"https:\/\/freiherr-vom-stein.de\/fbereich3\/wp-json\/wp\/v2\/users\/4"}],"replies":[{"embeddable":true,"href":"https:\/\/freiherr-vom-stein.de\/fbereich3\/wp-json\/wp\/v2\/comments?post=167"}],"version-history":[{"count":48,"href":"https:\/\/freiherr-vom-stein.de\/fbereich3\/wp-json\/wp\/v2\/pages\/167\/revisions"}],"predecessor-version":[{"id":1434,"href":"https:\/\/freiherr-vom-stein.de\/fbereich3\/wp-json\/wp\/v2\/pages\/167\/revisions\/1434"}],"wp:attachment":[{"href":"https:\/\/freiherr-vom-stein.de\/fbereich3\/wp-json\/wp\/v2\/media?parent=167"}],"curies":[{"name":"wp","href":"https:\/\/api.w.org\/{rel}","templated":true}]}}