{"id":21,"date":"2010-11-30T19:59:54","date_gmt":"2010-11-30T19:59:54","guid":{"rendered":"http:\/\/freiherr-vom-stein.de\/fbereich3\/"},"modified":"2023-07-14T13:38:54","modified_gmt":"2023-07-14T13:38:54","slug":"chemie","status":"publish","type":"page","link":"https:\/\/freiherr-vom-stein.de\/fbereich3\/chemie\/","title":{"rendered":"Chemie"},"content":{"rendered":"<p><strong>Chemie ist nicht nur, wenn es knallt und stinkt<\/strong>. Die uns umgebende &#8222;Welt der Stoffe&#8220; wirft vielf\u00e4ltige Fragen auf, mit denen wir, das Chemiekollegium, uns zusammen mit unseren Sch\u00fclerinnen und Sch\u00fcler im Unterricht besch\u00e4ftigen.<\/p>\n<figure id=\"attachment_796\" aria-describedby=\"caption-attachment-796\" style=\"width: 725px\" class=\"wp-caption aligncenter\"><img loading=\"lazy\" decoding=\"async\" class=\"wp-image-796\" src=\"http:\/\/freiherr-vom-stein.de\/fbereich3\/files\/2021\/04\/20191203_174252_zug-scaled.jpg\" alt=\"\" width=\"725\" height=\"300\" srcset=\"https:\/\/freiherr-vom-stein.de\/fbereich3\/files\/2021\/04\/20191203_174252_zug-scaled.jpg 2560w, https:\/\/freiherr-vom-stein.de\/fbereich3\/files\/2021\/04\/20191203_174252_zug-300x124.jpg 300w, https:\/\/freiherr-vom-stein.de\/fbereich3\/files\/2021\/04\/20191203_174252_zug-1024x423.jpg 1024w, https:\/\/freiherr-vom-stein.de\/fbereich3\/files\/2021\/04\/20191203_174252_zug-768x318.jpg 768w, https:\/\/freiherr-vom-stein.de\/fbereich3\/files\/2021\/04\/20191203_174252_zug-1536x635.jpg 1536w, https:\/\/freiherr-vom-stein.de\/fbereich3\/files\/2021\/04\/20191203_174252_zug-2048x847.jpg 2048w, https:\/\/freiherr-vom-stein.de\/fbereich3\/files\/2021\/04\/20191203_174252_zug-150x62.jpg 150w, https:\/\/freiherr-vom-stein.de\/fbereich3\/files\/2021\/04\/20191203_174252_zug-400x165.jpg 400w\" sizes=\"auto, (max-width: 725px) 100vw, 725px\" \/><figcaption id=\"caption-attachment-796\" class=\"wp-caption-text\">Dieses Kollegium arbeitet in der Fachschaft Chemie zusammen und freut sich, mit ihren Sch\u00fclerinnen und Sch\u00fclern gemeinsam die Welt der Stoffe und ihre Eigenschaften zu entdecken.<\/figcaption><\/figure>\n<p>Ankn\u00fcpfend an Alltagserfahrungen, die wir mithilfe von Experimenten vertiefen, vermitteln wir einen Zugang zu chemischen Fragestellungen. Bei deren Bearbeitung erlernen die Sch\u00fclerinnen und Sch\u00fcler naturwissenschaftliche Arbeitsmethoden und lernen, Zusammenh\u00e4nge zu erkennen und sich neue Bereiche zu erschlie\u00dfen. Sie erwerben ein grundlegendes Verst\u00e4ndnis \u00fcber den Aufbau der Stoffe, den Zusammenhang zwischen ihrer Struktur und ihren Eigenschaften, insbesondere ihrem Reaktionsverhalten. Sch\u00f6n ist, dass wir dies durch die <a href=\"https:\/\/freiherr-vom-stein.de\/fbereich3\/2019\/10\/11\/628\/\">Labork\u00fcche<\/a> auch kleinen Lerngruppen anhand von Experimenten mit Lebensmitteln zeigen zu k\u00f6nnen.<\/p>\n<p>Seit dem Schuljahr 2020\/21 kn\u00fcpft der Chemieanfangsunterricht in Stufe 7 an den f\u00e4cherverbindenden NaWi-Unterricht in den Stufen 5 und 6 an, der im Schuljahr 2018\/19 verbindlich eingef\u00fchrt worden ist (Link: <a href=\"https:\/\/freiherr-vom-stein.de\/fbereich3\/nawi-5-6\/\">NaWi-Unterricht 5\/6<\/a>). Dem Wunsch vieler Sch\u00fclerinnen und Sch\u00fcler, selbst\u00e4ndig Experimente durchzuf\u00fchren, wird unser Experimentalunterricht Chemie\/Physik in Stufe 7 durch die halbierten Lerngruppen im besonderem Ma\u00dfe gerecht. (Link: <a href=\"http:\/\/freiherr-vom-stein.de\/fbereich3\/experimentalunterricht-chemiephysik\/\">Experimentalunterricht Chemie\/Physik<\/a>)<\/p>\n<p>In den nachfolgenden Jahrgangsstufen werden verst\u00e4rkt die theoretischen Grundlagen erarbeitet, experimentelle Schwerpunkte gibt es weiterhin. Leistungskurse in Chemie haben wir in jedem Jahrgang (Link: <a href=\"http:\/\/freiherr-vom-stein.de\/fbereich3\/kooperation-mit-der-firma-kuraray\/\">Labortage Kuraray<\/a>).<\/p>\n<p>Die F\u00f6rderung sozialer und methodischer Kompetenzen ist uns wichtig. Eigenverantwortlichem Lernen, auch in Form von Gruppenarbeit, schenken wir besondere Beachtung. Zu vielen Themengebieten (Laborf\u00fchrerschein, Stoffeigenschaften, Brandschutz, Salze, Alkohol &#8211; Struktur und Eigenschaften, Alkohol im Alltag, &#8230;) haben wir Materialien zum Stationenlernen ausgearbeitet, bei dem sich die Sch\u00fclerinnen und Sch\u00fcler neue Inhalte eigenst\u00e4ndig erarbeiten. Stufenweise gibt es Gelegenheiten, Pr\u00e4sentationen vor der Gruppe zu \u00fcben (Link zum <a href=\"https:\/\/freiherr-vom-stein.de\/fbereich3\/2023\/07\/14\/praesentationswettbewerb-saeuren-und-laugen-nicht-nur-aetzend\/\">Bericht zum Pr\u00e4sentationswettbewerb 2023<\/a>,\u00a0 <a href=\"https:\/\/freiherr-vom-stein.de\/fbereich3\/2018\/06\/17\/6-praesentationswettbewerb-saeuren-und-laugen-nicht-nur-aetzend\/\">Bericht zum 6. Pr\u00e4sentationswettbewerb 2018<\/a>).<\/p>\n<p>Chemieinteressierte Sch\u00fclerinnen und Sch\u00fcler nehmen immer wieder aus eigener Motivation die M\u00f6glichkeiten war, an externen Chemie-Wettbewerben teilzunehmen (Link zur <a href=\"https:\/\/freiherr-vom-stein.de\/fbereich3\/wettbewerbe\/\">Wettbewerbs\u00fcbersicht<\/a>).<\/p>\n<p>&nbsp;<\/p>\n<p style=\"text-align: left\">Aktuelles aus dem (Distanz)Unterricht:<br \/>\n<a href=\"https:\/\/freiherr-vom-stein.de\/fbereich3\/2020\/06\/13\/challenge-kristalle-zuechten-in-der-corona-zeit\/\">Challenge &#8222;Salzkristall z\u00fcchten&#8220; 2020<\/a>\u00a0(Link)<br \/>\n<a href=\"http:\/\/freiherr-vom-stein.de\/blog\/2017\/03\/27\/rutherfords-streuversuch-einfach-modelliert\/\">Rutherfords Streuversuch einfach modelliert<\/a>\u00a0(Link)<\/p>\n","protected":false},"excerpt":{"rendered":"<p>Chemie ist nicht nur, wenn es knallt und stinkt. Die uns umgebende &#8222;Welt der Stoffe&#8220; wirft vielf\u00e4ltige Fragen auf, mit denen wir, das Chemiekollegium, uns zusammen mit unseren Sch\u00fclerinnen und Sch\u00fcler im Unterricht besch\u00e4ftigen. Ankn\u00fcpfend an Alltagserfahrungen, die wir mithilfe von Experimenten vertiefen, vermitteln wir einen Zugang zu chemischen Fragestellungen. Bei deren Bearbeitung erlernen die [&hellip;]<\/p>\n","protected":false},"author":24,"featured_media":0,"parent":0,"menu_order":3,"comment_status":"closed","ping_status":"closed","template":"","meta":{"ngg_post_thumbnail":0,"footnotes":""},"class_list":["post-21","page","type-page","status-publish","hentry"],"_links":{"self":[{"href":"https:\/\/freiherr-vom-stein.de\/fbereich3\/wp-json\/wp\/v2\/pages\/21","targetHints":{"allow":["GET"]}}],"collection":[{"href":"https:\/\/freiherr-vom-stein.de\/fbereich3\/wp-json\/wp\/v2\/pages"}],"about":[{"href":"https:\/\/freiherr-vom-stein.de\/fbereich3\/wp-json\/wp\/v2\/types\/page"}],"author":[{"embeddable":true,"href":"https:\/\/freiherr-vom-stein.de\/fbereich3\/wp-json\/wp\/v2\/users\/24"}],"replies":[{"embeddable":true,"href":"https:\/\/freiherr-vom-stein.de\/fbereich3\/wp-json\/wp\/v2\/comments?post=21"}],"version-history":[{"count":37,"href":"https:\/\/freiherr-vom-stein.de\/fbereich3\/wp-json\/wp\/v2\/pages\/21\/revisions"}],"predecessor-version":[{"id":1315,"href":"https:\/\/freiherr-vom-stein.de\/fbereich3\/wp-json\/wp\/v2\/pages\/21\/revisions\/1315"}],"wp:attachment":[{"href":"https:\/\/freiherr-vom-stein.de\/fbereich3\/wp-json\/wp\/v2\/media?parent=21"}],"curies":[{"name":"wp","href":"https:\/\/api.w.org\/{rel}","templated":true}]}}