{"id":341,"date":"2017-11-13T15:47:05","date_gmt":"2017-11-13T15:47:05","guid":{"rendered":"http:\/\/freiherr-vom-stein.de\/fbereich3\/?page_id=341"},"modified":"2025-09-25T22:07:54","modified_gmt":"2025-09-25T22:07:54","slug":"mint-schwerpunkt","status":"publish","type":"page","link":"https:\/\/freiherr-vom-stein.de\/fbereich3\/mint-schwerpunkt\/","title":{"rendered":"MINT-Schwerpunkt"},"content":{"rendered":"<p><strong>MINT: M<\/strong>athematik &#8211; <strong>I<\/strong>nformatik &#8211; <strong>N<\/strong>aturwissenschaften \u2013 <strong>T<\/strong>echnik<\/p>\n<p>Die MINT-F\u00e4cher haben f\u00fcr Alltag und Umwelt eine gro\u00dfe Bedeutung, und das Verstehen von Natur und Technik ist eine wesentliche Qualifikation, die wir unseren Sch\u00fclerinnen und Sch\u00fclern vermitteln. Es ist unser Anliegen, Freude am Entdecken und Forschen zu wecken, L\u00f6sungsstrategien und mathematisch-naturwissenschaftliche Denk- und Arbeitsweisen zu entwickeln. Auf dieser Grundlage ist es m\u00f6glich, Sch\u00fclerinnen und Sch\u00fcler f\u00fcr Berufe im MINT-Bereich zu begeistern.<\/p>\n<p style=\"text-align: left\" align=\"justify\">Der MINT- Schwerpunkt der Freiherr-vom-Stein Schule zeigt sich im Regelunterricht sowie im vielf\u00e4lt<a href=\"http:\/\/freiherr-vom-stein.de\/fbereich3\/files\/2018\/11\/MINT_freundliche_Schule_images.png\"><img loading=\"lazy\" decoding=\"async\" class=\"alignright wp-image-491\" src=\"http:\/\/freiherr-vom-stein.de\/fbereich3\/files\/2018\/11\/MINT_freundliche_Schule_images.png\" alt=\"\" width=\"194\" height=\"83\" srcset=\"https:\/\/freiherr-vom-stein.de\/fbereich3\/files\/2018\/11\/MINT_freundliche_Schule_images.png 343w, https:\/\/freiherr-vom-stein.de\/fbereich3\/files\/2018\/11\/MINT_freundliche_Schule_images-300x129.png 300w, https:\/\/freiherr-vom-stein.de\/fbereich3\/files\/2018\/11\/MINT_freundliche_Schule_images-150x64.png 150w\" sizes=\"auto, (max-width: 194px) 100vw, 194px\" \/><\/a>igen Zusatzangebot in Form von Wahlunterricht, Arbeitsgemeinschaften, Wettbewerbsteilnahmen, Exkursionen und Kooperationen. Im November 2018 wurden wir f\u00fcr diese Profilbildung mit dem <a href=\"https:\/\/freiherr-vom-stein.de\/blog\/2018\/11\/19\/ehrung-mint-freundliche-schule-im-november-2018\/\">Siegel \u201eMINT-freundliche Schule\u201c<\/a> der Initiative \u201eMINT Zukunft schaffen\u201c zertifiziert und 2021 sowie <a href=\"https:\/\/freiherr-vom-stein.de\/fbereich3\/2024\/09\/23\/begehrte-auszeichnung-mint-freundliche-schule-bereits-zum-dritten-mal\/\">2024<\/a> erneut ausgezeichnet.<\/p>\n<p>Mit der Einf\u00fchrung von <a href=\"https:\/\/freiherr-vom-stein.de\/nawi-5-6\/\"><strong>NaWi-Unterricht f\u00fcr die Stufen 5 und 6<\/strong><\/a> haben wir beim Ausbau unseres MINT-Schwerpunktes einen weiteren Schritt geschafft. Nach den positiven Erfahrungen im Probedurchlauf unserer \u201eForscherklasse\u201c unterrichten wir seit dem Schuljahr 2018\/19 das Fach \u201eNaturwissenschaften\u201c in den Stufen 5 und 6 anstelle von Biologie. In Erweiterung des bisher zweist\u00fcndigen Biologieunterrichts wird das Fach \u201eNaWi\u201c mit 3 Wochenstunden unterrichtet und gilt als Hauptfach. Die ganzheitliche Sichtweise auf naturwissenschaftliche Ph\u00e4nomene wird der kindlich-intuitiven Vorstellung j\u00fcngerer Sch\u00fclerinnen und Sch\u00fcler im besonderen Ma\u00df gerecht. Die gemeinsame Unterrichtsplanung der Biologie-, Chemie- und Physiklehrkr\u00e4fte erm\u00f6glicht<a href=\"http:\/\/freiherr-vom-stein.de\/fbereich3\/files\/2016\/02\/DSC_0483.jpg\"><img loading=\"lazy\" decoding=\"async\" class=\"alignleft size-medium wp-image-152\" src=\"http:\/\/freiherr-vom-stein.de\/fbereich3\/files\/2016\/02\/DSC_0483-300x199.jpg\" alt=\"\" width=\"300\" height=\"199\" srcset=\"https:\/\/freiherr-vom-stein.de\/fbereich3\/files\/2016\/02\/DSC_0483-300x199.jpg 300w, https:\/\/freiherr-vom-stein.de\/fbereich3\/files\/2016\/02\/DSC_0483-768x510.jpg 768w, https:\/\/freiherr-vom-stein.de\/fbereich3\/files\/2016\/02\/DSC_0483-1024x680.jpg 1024w, https:\/\/freiherr-vom-stein.de\/fbereich3\/files\/2016\/02\/DSC_0483-150x100.jpg 150w, https:\/\/freiherr-vom-stein.de\/fbereich3\/files\/2016\/02\/DSC_0483-400x266.jpg 400w\" sizes=\"auto, (max-width: 300px) 100vw, 300px\" \/><\/a> f\u00e4cherverbindendes Arbeiten. Daran ankn\u00fcpfend wird in Klassenstufe 7 der doppelst\u00fcndige <a href=\"http:\/\/freiherr-vom-stein.de\/fbereich3\/experimentalunterricht-chemiephysik\/\"><strong>Experimentalunterricht Physik\/Chemie<\/strong><\/a> in halbierten Klassen durchgef\u00fchrt \u2013 weiterhin mit f\u00e4cherverbindender Koordination. Im Unterricht der naturwissenschaftlichen F\u00e4cher Biologie, Chemie und Physik, die ab der Stufe 7 wieder getrennt nach Fachdisziplinen unterrichtet werden, steht das naturwissenschaftlich-forschende Arbeiten im Zentrum. In der Oberstufe k\u00f6nnen die Sch\u00fclerinnen und Sch\u00fcler die F\u00e4cher Biologie, Chemie, Physik als Leistungs- oder Grundkurse w\u00e4hlen.<\/p>\n<p>Die Mathematik ist als Pflichtfach in der Abiturpr\u00fcfung verankert, da sie nicht nur f\u00fcr naturwissenschaftliche und technische Berufe von zentraler Bedeutung ist. Leistungskurse in Mathematik gibt es in jedem Jahrgang der Oberstufe. In unserem <strong>Matheraum<\/strong>, der t\u00e4glich in der Mittagspause mit einer Mathematiklehrkraft besetzt ist, bekommen die Sch\u00fclerinnen und Sch\u00fcler Unterst\u00fctzung bei Hausaufgaben und bei der \u00dcbung f\u00fcr Arbeiten und Klausuren. In der <strong>Mathe-AG<\/strong>, die jede Woche einmal stattfindet, k\u00f6nnen sich interessierte Sch\u00fclerinnen und Sch\u00fcler auf Mathematik-Wettbewerbe vorbereiten oder auch anregende Knobelaufgaben bearbeiten.<\/p>\n<p>Der routinierte Umgang mit Medien ist im Schulalltag wichtiger denn je. Unsere 5. Klassen starten zun\u00e4chst mit zwei \u201eMedientagen\u201c in das neue Schuljahr. In einem mehrw\u00f6chigen Kurs zur Informations- und Kommunikationstechnischen Grundbildung (ITG) werden die Grundlagen der Arbeit mit Computern gelegt, die dann \u2013 entsprechend der Module in unserem Sch\u00fclerportfolio \u2013 im Fachunterricht vertieft und angewendet werden.<\/p>\n<p>In der 7. bzw. 8. Klasse steht die Informatik-AG allen Sch\u00fclerinnen und Sch\u00fclern offen, die das <a href=\"https:\/\/www.icdl.de\/workforce\/icdl-workforce\/\"><strong>ICDL-Zertifikat<\/strong><\/a> erwerben m\u00f6chten. Sp\u00e4ter gibt es dann die M\u00f6glichkeit, Informatik in der 9. und 10. Klasse als Wahlunterricht zu belegen oder auch Informatik-Kurse in der Oberstufe (E und Q-Phase) zu besuchen.<\/p>\n<p>Elemente der <strong>Technik<\/strong> finden sich im Unterricht aller naturwissenschaftlichen F\u00e4cher, vor allem im Physikunterricht, insbesondere aber im Maker Club und auch im Forscher Club (siehe unten).<\/p>\n<p>Unser modernes Schulgeb\u00e4ude mit Computern, Dokumentenkameras und Beamer in allen Unterrichtsr\u00e4umen erm\u00f6glicht zeitgem\u00e4\u00dfen, kompetenzorientierten und mediengest\u00fctzten Unterricht. Die sehr gute Ausstattung der Labore und Fachr\u00e4ume bietet beste Voraussetzungen f\u00fcr experimentelles Vorgehen. Unseren langj\u00e4hrigen Wunsch nach einer \u201e<a href=\"http:\/\/freiherr-vom-stein.de\/fbereich3\/2019\/10\/11\/628\/\">Labork\u00fcche<\/a>\u201c konnten wir im Oktober 2019 dank der Unterst\u00fctzung unseres F\u00f6rdervereins umsetzen. Dort k\u00f6nnen wir nun im Rahmen des naturwissenschaftlichen Unterrichts mit Lebensmitteln experimentieren und diese dann auch verzehren.<\/p>\n<p>Entsprechend unserem MINT-Schwerpunkt gibt es f\u00fcr interessierte Sch\u00fclerinnen und Sch\u00fcler aller Jahrgangsstufen Arbeitsgemeinschaften und Wahlangebote:\u00a0<a href=\"https:\/\/freiherr-vom-stein.de\/fbereich3\/nawi-ag\/\"><strong>Junior Forscher<\/strong><\/a>, <a href=\"http:\/\/freiherr-vom-stein.de\/fbereich3\/maker-club\/\"><strong>Maker Club<\/strong><\/a>, <a href=\"https:\/\/freiherr-vom-stein.de\/fbereich3\/2022\/07\/13\/forscher-club-ein-abwechslungsreiches-jahr-geht-zu-ende\/\"><strong>Forscher Club<\/strong><\/a>, <strong>Mathe-AG<\/strong>, <strong>WU Informatik, WU Nachhaltigkeit.<br \/>\n<\/strong><\/p>\n<p>Die Teilnahme an <a href=\"http:\/\/freiherr-vom-stein.de\/fbereich3\/wettbewerbe\/\"><strong>Wettbewerben<\/strong><\/a> steigert die Motivation. Hier bieten wir eine Auswahl, die einerseits ganze Lerngruppen und andererseits besonders leistungsf\u00e4hige Sch\u00fclerinnen und Sch\u00fcler anspricht.<\/p>\n<p><strong>Exkursionen<\/strong> und <strong>Kooperationen<\/strong> \u00f6ffnen die Schule nach au\u00dfen und erweitern den Horizont.<br \/>\nVon gro\u00dfer Bedeutung f\u00fcr die Arbeit im Chemieunterricht ist unsere Kooperation mit der <a href=\"http:\/\/freiherr-vom-stein.de\/fbereich3\/kooperation-mit-der-firma-kuraray\/\"><strong>Firma Kuraray<\/strong><\/a>. Neben Praktikumspl\u00e4tzen f\u00fcr unsere Sch\u00fclerinnen und Sch\u00fcler sowie der M\u00f6glichkeit von Exkursionen f\u00fcr unsere Chemiekurse bereichern gemeinsam geplante Vortr\u00e4ge und Diskussionsrunden unser Schulleben, wie beispielsweise die Veranstaltungen &#8222;Japan meets Frankfurt&#8220; f\u00fcr die PoWi-Leistungskurse. Ein besonderes Highlight f\u00fcr die Chemieleistungskurse ist die Laborwoche zum Oberstufenthema Kunststoffe in den Laboren von Kuraray im Industriepark Hoechst.<br \/>\nDer Physikunterricht wird seit dem Schuljahr 2024\/25 durch die Kooperation mit dem <a href=\"https:\/\/freiherr-vom-stein.de\/fbereich3\/kooperation-mit-dem-gsi-helmholtzzentrum-fuer-schwerionenforschung\/\"><strong>GSI &#8211; Helmholtzzentrum f\u00fcr Schwerionenforschung<\/strong><\/a> bereichert. Hier k\u00f6nnen physikalisch interessierte Sch\u00fclerinnen und Sch\u00fcler der Jahrgangsstufen 9 und der E1 ihr Betriebspraktikum absolvieren und Physik hautnah erleben. Die Physikkurse der Oberstufe erhalten die M\u00f6glichkeit, das einzige Gro\u00dfforschungszentrum Hessens vor Ort zu besichtigen, wo u.a. die Elemente <em>Hassium<\/em> und <em>Darmstadtium<\/em> entdeckt worden sind.<br \/>\nIn Kooperation mit der <strong>Goethe-Universit\u00e4t Frankfurt<\/strong> und unter Mitwirkung der Firma Kuraray veranstalten wir j\u00e4hrlich einen <a href=\"https:\/\/freiherr-vom-stein.de\/fbereich3\/wissenschaftstag-q2\/\"><strong>Wissenschaftstag<\/strong><\/a> f\u00fcr die Stufe Q2.<\/p>\n<p><a href=\"http:\/\/freiherr-vom-stein.de\/fbereich3\/files\/2024\/04\/MINT_Uebersicht_2024.jpg\"><img loading=\"lazy\" decoding=\"async\" class=\"alignleft wp-image-1459 size-full\" src=\"http:\/\/freiherr-vom-stein.de\/fbereich3\/files\/2024\/04\/MINT_Uebersicht_2024.jpg\" alt=\"\" width=\"1283\" height=\"909\" srcset=\"https:\/\/freiherr-vom-stein.de\/fbereich3\/files\/2024\/04\/MINT_Uebersicht_2024.jpg 1283w, https:\/\/freiherr-vom-stein.de\/fbereich3\/files\/2024\/04\/MINT_Uebersicht_2024-300x213.jpg 300w, https:\/\/freiherr-vom-stein.de\/fbereich3\/files\/2024\/04\/MINT_Uebersicht_2024-1024x725.jpg 1024w, https:\/\/freiherr-vom-stein.de\/fbereich3\/files\/2024\/04\/MINT_Uebersicht_2024-768x544.jpg 768w\" sizes=\"auto, (max-width: 1283px) 100vw, 1283px\" \/><\/a><\/p>\n","protected":false},"excerpt":{"rendered":"<p>MINT: Mathematik &#8211; Informatik &#8211; Naturwissenschaften \u2013 Technik Die MINT-F\u00e4cher haben f\u00fcr Alltag und Umwelt eine gro\u00dfe Bedeutung, und das Verstehen von Natur und Technik ist eine wesentliche Qualifikation, die wir unseren Sch\u00fclerinnen und Sch\u00fclern vermitteln. Es ist unser Anliegen, Freude am Entdecken und Forschen zu wecken, L\u00f6sungsstrategien und mathematisch-naturwissenschaftliche Denk- und Arbeitsweisen zu entwickeln. [&hellip;]<\/p>\n","protected":false},"author":4,"featured_media":0,"parent":0,"menu_order":0,"comment_status":"closed","ping_status":"closed","template":"","meta":{"ngg_post_thumbnail":0,"footnotes":""},"class_list":["post-341","page","type-page","status-publish","hentry"],"_links":{"self":[{"href":"https:\/\/freiherr-vom-stein.de\/fbereich3\/wp-json\/wp\/v2\/pages\/341","targetHints":{"allow":["GET"]}}],"collection":[{"href":"https:\/\/freiherr-vom-stein.de\/fbereich3\/wp-json\/wp\/v2\/pages"}],"about":[{"href":"https:\/\/freiherr-vom-stein.de\/fbereich3\/wp-json\/wp\/v2\/types\/page"}],"author":[{"embeddable":true,"href":"https:\/\/freiherr-vom-stein.de\/fbereich3\/wp-json\/wp\/v2\/users\/4"}],"replies":[{"embeddable":true,"href":"https:\/\/freiherr-vom-stein.de\/fbereich3\/wp-json\/wp\/v2\/comments?post=341"}],"version-history":[{"count":60,"href":"https:\/\/freiherr-vom-stein.de\/fbereich3\/wp-json\/wp\/v2\/pages\/341\/revisions"}],"predecessor-version":[{"id":1695,"href":"https:\/\/freiherr-vom-stein.de\/fbereich3\/wp-json\/wp\/v2\/pages\/341\/revisions\/1695"}],"wp:attachment":[{"href":"https:\/\/freiherr-vom-stein.de\/fbereich3\/wp-json\/wp\/v2\/media?parent=341"}],"curies":[{"name":"wp","href":"https:\/\/api.w.org\/{rel}","templated":true}]}}