{"id":37,"date":"2012-12-07T08:30:44","date_gmt":"2012-12-07T08:30:44","guid":{"rendered":"http:\/\/freiherr-vom-stein.de\/fbereich3\/?page_id=37"},"modified":"2025-09-25T21:42:01","modified_gmt":"2025-09-25T21:42:01","slug":"arbeitsgemeinschaften","status":"publish","type":"page","link":"https:\/\/freiherr-vom-stein.de\/fbereich3\/arbeitsgemeinschaften\/","title":{"rendered":"Schwerpunktangebote"},"content":{"rendered":"<p><strong>MINT-Nachmittag jetzt immer dienstags<\/strong><\/p>\n<p>Alle die gerne experimentieren, t\u00fcfteln oder werken, sollten sich das AG-Angebot nicht entgehen lassen.<\/p>\n<p>Bei den <a href=\"https:\/\/freiherr-vom-stein.de\/fbereich3\/nawi-ag\/\"><strong>Junior Forschern (Stufe 5)<\/strong><\/a> hast du die M\u00f6glichkeit, naturwissenschaftliche Ph\u00e4nomene zu beobachten und angeleitet Experimente durchzuf\u00fchren. Themen aus allen drei Naturwissenschaften Biologie, Chemie und Physik werden angesprochen. So beim Mikroskopieren von Kleinstlebewesen, beim Herstellen von Slime und beim Vergleich verschiedener Raketenantriebe.<\/p>\n<p>Im <a href=\"https:\/\/freiherr-vom-stein.de\/fbereich3\/2022\/07\/13\/forscher-club-ein-abwechslungsreiches-jahr-geht-zu-ende\/\"><strong>Forscher Club (ab Stufe 6)<\/strong> <\/a>kannst du experimentieren und lernst verschiedene experimentelle Grundfertigkeiten. Du hast die M\u00f6glichkeit eigenen Forschungsideen nachzugehen, wie \u201eEine Batterie aus Zitronen &#8211; geht das?\u201c oder experimentelle Escape-Room-R\u00e4tsel zu knacken. Auch an naturwissenschaftlichen Sch\u00fclerwettbewerben kannst du teilnehmen und die Experimente dazu durchf\u00fchren. Hier ein <a href=\"https:\/\/freiherr-vom-stein.de\/fbereich3\/2022\/07\/13\/forscher-club-ein-abwechslungsreiches-jahr-geht-zu-ende\/\">R\u00fcckblick auf das Schuljahr<\/a> 2021\/22.<\/p>\n<p>Im <a href=\"https:\/\/freiherr-vom-stein.de\/fbereich3\/maker-club\/\"><strong>Maker Club (ab Stufe 6)<\/strong><\/a> kannst du dein eigenes Projekt verwirklichen, von Holzbearbeitung \u00fcber elektronische Schaltungen bis hin zum Schneidern. Die Maker lernen Grundtechniken, wie S\u00e4gen, Feilen, L\u00f6ten, N\u00e4hen, um darauf aufbauend ihr eigenes Projekt zu gestalten \u2013 auch die Teilnahme an projektorientierten Wettbewerben ist m\u00f6glich.<\/p>\n<p>Alle AGs finden Dienstag in der 8. und 9. Stunde statt. Wenn Du Interesse hast, schau einfach vorbei.<\/p>\n<p>Lena Keller und Julius Schalk (Junior Forscher)\u00a0 *\u00a0 Sonja Ilic und Dominika Tiebes (Forscher Club)\u00a0 * Kai Schmidt (Maker Club)<\/p>\n<p><a href=\"http:\/\/freiherr-vom-stein.de\/fbereich3\/science-club\/\">Science Club<\/a> (derzeit ruhend)<\/p>\n<p>&nbsp;<\/p>\n","protected":false},"excerpt":{"rendered":"<p>MINT-Nachmittag jetzt immer dienstags Alle die gerne experimentieren, t\u00fcfteln oder werken, sollten sich das AG-Angebot nicht entgehen lassen. Bei den Junior Forschern (Stufe 5) hast du die M\u00f6glichkeit, naturwissenschaftliche Ph\u00e4nomene zu beobachten und angeleitet Experimente durchzuf\u00fchren. Themen aus allen drei Naturwissenschaften Biologie, Chemie und Physik werden angesprochen. So beim Mikroskopieren von Kleinstlebewesen, beim Herstellen von [&hellip;]<\/p>\n","protected":false},"author":4,"featured_media":0,"parent":0,"menu_order":0,"comment_status":"open","ping_status":"closed","template":"","meta":{"ngg_post_thumbnail":0,"footnotes":""},"class_list":["post-37","page","type-page","status-publish","hentry"],"_links":{"self":[{"href":"https:\/\/freiherr-vom-stein.de\/fbereich3\/wp-json\/wp\/v2\/pages\/37","targetHints":{"allow":["GET"]}}],"collection":[{"href":"https:\/\/freiherr-vom-stein.de\/fbereich3\/wp-json\/wp\/v2\/pages"}],"about":[{"href":"https:\/\/freiherr-vom-stein.de\/fbereich3\/wp-json\/wp\/v2\/types\/page"}],"author":[{"embeddable":true,"href":"https:\/\/freiherr-vom-stein.de\/fbereich3\/wp-json\/wp\/v2\/users\/4"}],"replies":[{"embeddable":true,"href":"https:\/\/freiherr-vom-stein.de\/fbereich3\/wp-json\/wp\/v2\/comments?post=37"}],"version-history":[{"count":36,"href":"https:\/\/freiherr-vom-stein.de\/fbereich3\/wp-json\/wp\/v2\/pages\/37\/revisions"}],"predecessor-version":[{"id":1691,"href":"https:\/\/freiherr-vom-stein.de\/fbereich3\/wp-json\/wp\/v2\/pages\/37\/revisions\/1691"}],"wp:attachment":[{"href":"https:\/\/freiherr-vom-stein.de\/fbereich3\/wp-json\/wp\/v2\/media?parent=37"}],"curies":[{"name":"wp","href":"https:\/\/api.w.org\/{rel}","templated":true}]}}