{"id":720,"date":"2020-11-27T08:09:56","date_gmt":"2020-11-27T08:09:56","guid":{"rendered":"http:\/\/freiherr-vom-stein.de\/fbereich3\/?page_id=720"},"modified":"2025-01-20T07:43:52","modified_gmt":"2025-01-20T07:43:52","slug":"mint-elterninitiative-2","status":"publish","type":"page","link":"https:\/\/freiherr-vom-stein.de\/fbereich3\/mint-elterninitiative-2\/","title":{"rendered":"MINT-Elterninitiative"},"content":{"rendered":"<div id=\"wrapper\">\n<div id=\"container\">\n<h2><\/h2>\n<table id=\"layout\" border=\"0\" cellspacing=\"0\" cellpadding=\"0\">\n<tbody>\n<tr id=\"bodyrow\">\n<td id=\"middle\">\n<div id=\"post-268999\" class=\"post post-268999 page type-page status-publish hentry odd\">\n<div class=\"post-headline\">\n<h2>\u201eMINT-Vortr\u00e4ge f\u00fcr den Fachunterricht\u201c<\/h2>\n<\/div>\n<div class=\"post-bodycopy clearfix\">\n<p>Die Veranstaltungsreihe \u201eMINT-Vortr\u00e4ge f\u00fcr den Fachunterricht\u201c wurde 2018 von Elena Oliveri und Prof. Dr. Martin Z\u00f6rnig ins Leben gerufen. Ziel dieser Initiative ist es, die Eltern unserer Kinder f\u00fcr wissenschaftliche Pr\u00e4sentationen in den F\u00e4chern Mathematik, Informatik, Biologie, Chemie und Physik zu gewinnen. Dabei sollen Sch\u00fclerinnen und Sch\u00fcler unterrichtserg\u00e4nzend durch Fachvortr\u00e4ge vertiefende Einblicke in Fragestellungen und Anwendungen aus der beruflichen Praxis erhalten und f\u00fcr das MINT-Berufsfeld begeistert werden.<\/p>\n<p>Durch die enge Zusammenarbeit mit der Lehrerschaft wird gew\u00e4hrleistet, dass die Themen, die w\u00e4hrend des Unterrichts oder sogar abends in einem erweiterten Kreis von den Eltern pr\u00e4sentiert werden, zu den Unterrichtsinhalten passen und dass die Sch\u00fcler*innen auf die Vortr\u00e4ge vorbereitet werden. Die bisherigen elterlichen Fachpr\u00e4sentationen wurden mit sehr gro\u00dfem Interesse wahrgenommen \u2013 f\u00fcr alle Seiten eine neue und inspirierende Erfahrung!<\/p>\n<p>Wir freuen uns sehr, dass die Elternschaft diese Initiative so engagiert unterst\u00fctzt, und wir sind dauerhaft bem\u00fcht, noch mehr Eltern und vor allem Eltern der j\u00e4hrlich neu hinzukommenden Sch\u00fcler*innen f\u00fcr eine Teilnahme zu gewinnen. Sollten auch Sie sich (beruflich) mit Themen aus den Bereichen Naturwissenschaft, Informatik oder Mathematik besch\u00e4ftigen und Interesse haben, dar\u00fcber in unserer Schule im Rahmen eines Vortrages zu erz\u00e4hlen, melden Sie sich bitte gerne bei uns \u2013 Ihr Beitrag ist hochwillkommen!<\/p>\n<p>Elena Oliveri und Martin Z\u00f6rnig<\/p>\n<p>Elena Oliveri: elena_oliveri[at]hotmail.com<br \/>\nProf. Dr. Martin Z\u00f6rnig: m.zoernig[at]ekfs.de<\/p>\n<\/div>\n<p>&nbsp;<\/p>\n<p><a href=\"http:\/\/freiherr-vom-stein.de\/fbereich3\/files\/2023\/02\/15ABCBF6-C68F-42F4-A880-4092610A8E03-1-scaled.jpeg\"><img loading=\"lazy\" decoding=\"async\" class=\"alignleft size-medium wp-image-1216\" src=\"http:\/\/freiherr-vom-stein.de\/fbereich3\/files\/2023\/02\/15ABCBF6-C68F-42F4-A880-4092610A8E03-1-300x225.jpeg\" alt=\"\" width=\"300\" height=\"225\" srcset=\"https:\/\/freiherr-vom-stein.de\/fbereich3\/files\/2023\/02\/15ABCBF6-C68F-42F4-A880-4092610A8E03-1-300x225.jpeg 300w, https:\/\/freiherr-vom-stein.de\/fbereich3\/files\/2023\/02\/15ABCBF6-C68F-42F4-A880-4092610A8E03-1-1024x768.jpeg 1024w, https:\/\/freiherr-vom-stein.de\/fbereich3\/files\/2023\/02\/15ABCBF6-C68F-42F4-A880-4092610A8E03-1-768x576.jpeg 768w, https:\/\/freiherr-vom-stein.de\/fbereich3\/files\/2023\/02\/15ABCBF6-C68F-42F4-A880-4092610A8E03-1-1536x1152.jpeg 1536w, https:\/\/freiherr-vom-stein.de\/fbereich3\/files\/2023\/02\/15ABCBF6-C68F-42F4-A880-4092610A8E03-1-2048x1536.jpeg 2048w\" sizes=\"auto, (max-width: 300px) 100vw, 300px\" \/><\/a><\/p>\n<p>&nbsp;<\/p>\n<p>&nbsp;<\/p>\n<p>&nbsp;<\/p>\n<p>&nbsp;<\/p>\n<p>&nbsp;<\/p>\n<p><strong><em><span style=\"color: #333399\">Beispiele&#8230;<\/span><br \/>\n<\/em><\/strong><\/p>\n<p><em><strong><span style=\"color: #333399\">&#8230; aus dem laufenden Schuljahr 2024\/25 &#8211; weitere in Planung<br \/>\n<\/span><\/strong><\/em><em><strong><span style=\"color: #333399\"><span style=\"color: #000000\">Vortrag <\/span><\/span><\/strong><\/em><span style=\"color: #333399\"><span style=\"color: #000000\">&#8222;Biogene und synthetische Kraftstoffe &#8211; welche Rolle werden sie f\u00fcr die Mobilit\u00e4t der Zukunft spielen&#8220; im Chemieleistungsvorkurs der E1<\/span><\/span><em><strong><span style=\"color: #333399\"><span style=\"color: #000000\"><br \/>\n<\/span><\/span><\/strong><\/em><strong><span style=\"color: #333399\"><span style=\"color: #000000\">Elternvortrag <\/span><\/span><\/strong><span style=\"color: #333399\"><span style=\"color: #000000\">&#8222;Medikamentenzulassung und Rolle des Paul-Ehrlich-Instituts&#8220; vor den Biologie-Kursen der E1<\/span><\/span><em><strong><span style=\"color: #333399\"><span style=\"color: #000000\"><br \/>\n<\/span><\/span><\/strong><\/em><a href=\"https:\/\/freiherr-vom-stein.de\/blog\/2024\/12\/09\/renommierte-wissenschaftler-der-stanford-universitaet-zu-besuch\/\"><strong><span style=\"color: #000000\">Wissenschafts-Vortrag am Vormittag<\/span><\/strong><\/a><span style=\"color: #000000\"> &#8222;Darmmikronen&#8220; vor den Biologiekursen der Q3<br \/>\n<\/span><a href=\"https:\/\/freiherr-vom-stein.de\/fbereich3\/2024\/10\/05\/renommierter-forscher-ivan-dikic-zu-gas-an-unserer-schule\/\"><strong>Wissenschafts-Vortrag<\/strong><\/a> <strong>am Abend<\/strong> &#8222;Science &#8211; profession and way of living&#8220; vor den naturwissenschaftlichen Leistungskursen der Q1 und Q3 sowie Interessierten aus Sch\u00fcler-, Eltern- und Lehrerschaft<\/p>\n<p><em><strong><span style=\"color: #333399\">&#8230;. <a style=\"color: #333399\" href=\"https:\/\/freiherr-vom-stein.de\/fbereich3\/2023\/07\/16\/mint-elterninitiative-im-fuenften-jahr\/\">aus vorangegangenen Schuljahren <\/a><\/span><\/strong><span style=\"color: #333399\"><a style=\"color: #333399\" href=\"https:\/\/freiherr-vom-stein.de\/fbereich3\/2023\/07\/16\/mint-elterninitiative-im-fuenften-jahr\/\">(beginnend im Schuljahr 2018\/19)<\/a><\/span><\/em><strong><br \/>\n<\/strong><strong>Vortrag <\/strong>&#8222;Immunonkologie&#8220; vor der Klasse 10b<strong><br \/>\nElternvortrag <\/strong>&#8222;Medikamentenentwicklung und klinisches Monitoring&#8220; vor zwei Biologie-Kursen der E2<strong><br \/>\nElternvortrag<\/strong> &#8222;Einsatz von Gleichungssystemen im Unternehmen &#8218;Ice Cream Company&#8220; vor den beiden Mathematik-Leistungskursen Q2<br \/>\n<strong>Elternvortrag<\/strong> &#8222;Alltag in der IT-Sicherheit&#8220; im Wahlunterricht &#8222;Informatik&#8220;<br \/>\n<strong>Vortrag <\/strong>&#8222;Heterogene Katalyse und Power-to-Gas&#8220; im Chemie-Leistungskurs der Q4<br \/>\n<a href=\"https:\/\/freiherr-vom-stein.de\/fbereich3\/2024\/02\/28\/fesselnder-abendvortrag-zur-genschere-von-prof-dr-kaulich-goethe-universitaet\/\"><strong>Wissenschafts-Vortrag<\/strong><\/a> <strong>am Abend<\/strong> &#8222;Grundlagenforschung mit CRISPR\/Cas als Impuls f\u00fcr eine Unternehmensgr\u00fcndung&#8220; vor den naturwissenschaftlichen Leistungskursen der Q2 und Q4 sowie Interessierten aus Sch\u00fcler-, Eltern- und Lehrerschaft<strong><br \/>\nElternvortrag <\/strong>&#8222;Kernphysik und Detektion&#8220; vor der Klasse 10a<strong><br \/>\n<\/strong><strong>Elternvortrag\u00a0<\/strong>&#8222;Neues und Altbekanntes aus der Krebsforschung&#8220; im Biologie-Leistungskurs Q1<br \/>\n<strong>Vortrag<\/strong> &#8222;Neurowissenschaften und Hirnforschung&#8220; im Biologie-Leistungskurs Q3<em><strong><br \/>\n<\/strong><\/em><strong>Vortrag\u00a0<\/strong>&#8222;Quantenchemie&#8220; vor den Chemie- und Physik-Leistungskursen Q1<br \/>\n<strong><a href=\"https:\/\/freiherr-vom-stein.de\/fbereich3\/feuer-und-explosionen-die-freiwillige-feuerwehr-an-der-fvss\/\">Freiwillige Feuerwehr<\/a><\/strong> mit L\u00f6schfahrzeug auf dem Schulhof &#8222;Vorf\u00fchrungen zu Feuer und Explosionen&#8220; im Nawi-Unterricht der Stufe 5<br \/>\n<strong>Vortrag<\/strong> &#8222;Energiespeichertechnologien&#8220; vor dem Chemie-Leistungsvorkurs der E2<br \/>\n<strong>Wissenschafts-Vortrag<\/strong> &#8222;K\u00fcnstliche Intelligenz in der Medizin&#8220; vor dem Biologie-Leistungskurs, den Informatik-Grundkursen der Q2 und Interessierten<br \/>\n<strong>Elternvortrag<\/strong> &#8222;Alltag in der IT-Sicherheit&#8220; im Wahlunterricht &#8222;Informatik&#8220;<br \/>\n<strong>Elternvortrag<\/strong> &#8222;Einsatz von Gleichungssystemen im Unternehmen &#8218;Ice Cream Company&#8220; vor dem Mathematik-Leistungskurs Q2<br \/>\n<strong>Elternvortrag <\/strong>&#8222;Die Zukunft kommt&#8230; von Air Taxis, Windr\u00e4dern und Supercars&#8220; vor den Klassen 10a, 10c und 10d<br \/>\n<a href=\"https:\/\/freiherr-vom-stein.de\/fbereich3\/2023\/04\/03\/gsi-besuch-der-physik-kurse-der-q2\/\"><strong>Elternvortrag<\/strong><\/a> mit Besuch der GSI durch die Physik-Kursen der Q2<br \/>\n<strong><a href=\"https:\/\/freiherr-vom-stein.de\/fbereich3\/2023\/02\/20\/neues-und-altbekanntes-aus-der-krebsforschung-elternvortrag-in-der-q1\/\">Elternvortrag<\/a><\/strong> &#8222;Neues und Altbekanntes aus der Krebsforschung&#8220; im Biologie-Leistungskurs Q1<br \/>\n<strong>Elternvortr\u00e4ge<\/strong> im Rahmen der Veranstaltung <a href=\"https:\/\/freiherr-vom-stein.de\/fbereich3\/2023\/01\/20\/8h-science-premiere\/\"><strong>&#8222;8h Science&#8220;<\/strong><\/a> der E1<br \/>\n<a href=\"https:\/\/freiherr-vom-stein.de\/fbereich3\/feuer-und-explosionen-die-freiwillige-feuerwehr-an-der-fvss\/\"><strong>Freiwillige Feuerwehr<\/strong><\/a> mit L\u00f6schfahrzeug auf dem Schulhof &#8222;Vorf\u00fchrungen zu Feuer und Explosionen&#8220; im Nawi-Unterricht der Stufe 5<br \/>\n<strong>Vortrag<\/strong> &#8222;Klimawandel und Politikberatung&#8220; vor dem Chemie-Leistungsvorkurs und den PoWi-Leistungsvorkursen der E1<br \/>\n<a href=\"https:\/\/freiherr-vom-stein.de\/fbereich3\/2022\/06\/26\/mint-elternvortrag-die-zukunft-kommt-von-air-taxis-windraedern-und-supercars-am-8-juni-2022\/\"><strong>Elternvortrag<\/strong><\/a> &#8222;Die Zukunft kommt&#8230; von Air Taxis, Windr\u00e4dern und Supercars&#8220; vor den Klassen 10b und 10c<br \/>\n<strong>Elternvortrag<\/strong> &#8222;Alltag in der IT-Sicherheit&#8220; im Informatik-Grundkurs E2<br \/>\n<a href=\"https:\/\/freiherr-vom-stein.de\/fbereich3\/2022\/03\/31\/aktuelle-ergebnisse-der-hirnforschung-praesentiert-vor-den-biologie-leistungeskursen\/\"><strong>Vortrag<\/strong><\/a> &#8222;Aktuelles aus der Hirnforschung&#8220; vor den beiden Biologie-Leistungskursen Q4<br \/>\n<strong>Vortrag<\/strong> &#8222;Klimawandel und Politikberatung&#8220; vor dem Chemie-Leistungsvorkurs und den PoWi-Leistungsvorkursen der E1<br \/>\n<a href=\"https:\/\/freiherr-vom-stein.de\/blog\/2021\/07\/08\/elternvortrag-mathematics-makes-the-world-go-round-im-mathematik-leistungskurs\/\"><strong>Elternvortrag<\/strong><\/a> &#8222;Mathematics makes the world go round&#8220; im Mathematik-Leistungskurs Q2<br \/>\n<strong><a href=\"https:\/\/freiherr-vom-stein.de\/fbereich3\/2021\/03\/29\/elternvortrag-trau-keiner-statistik-im-mathematik-leistungskurs\/\">Elternvortrag<\/a><\/strong> &#8222;Traue keiner Statistik&#8230;&#8220; online vor den beiden Mathematik-Leistungskursen Q4<br \/>\n<a href=\"http:\/\/freiherr-vom-stein.de\/blog\/2021\/03\/08\/elternvortrag-zur-autoreifenherstellung-im-chemie-leistungskurs\/\"><strong>Elternvortrag<\/strong><\/a> &#8222;Reifenentwicklung und Verbesserung von Gummimischungen&#8220; online vor dem Chemie-Leistungskurs Q4 und erneut in den beiden Chemie-Leistungskursen Q2<br \/>\n<strong><a href=\"https:\/\/freiherr-vom-stein.de\/blog\/2020\/11\/11\/deutschland-und-die-pandemie-covid-19-erfahrungen-aus-der-klinik\/\">Wissenschafts-Vortrag<\/a><\/strong> <strong>am Abend<\/strong> &#8222;Deutschland und die Pandemie: COVID 19 &#8211; Erfahrungen aus der Klinik&#8220; als Abendvortrag in den beiden Biologie-Leistungskursen Q1 und vor Interessierten aus Eltern-, Sch\u00fcler- und Lehrerschaft mit Voranmeldung w\u00e4hrend der Corona-Pandemie<br \/>\n<strong>Elternvortrag<\/strong> &#8222;Medikamentenentwicklung und klinisches Monitoring&#8220; in den beiden Biologie-Leistungskursen sowie in den beiden Biologie-Grundkursen Q3<br \/>\n<strong>Vortrag<\/strong> &#8222;Frauen-Power in der IT&#8220; im Wahlunterricht Informatik<br \/>\n<strong>Elternvortrag<\/strong> &#8222;IT, alles andere als langweilig&#8220; im Informatik-Grundkurs Q3<br \/>\n<strong>Elternvortrag<\/strong> &#8222;Krebsforschung&#8220; im Biologie-Leistungskurs Q1<br \/>\n<strong>Elternvortrag<\/strong> &#8222;Einsatz von Matrizen in der Logistik&#8220; im Mathematik-Leistungskurs Q2<br \/>\n<strong>Elternvortrag<\/strong> &#8222;IT-Erfahrungen aus der IT-Branche&#8220; im Informatik-Grundkurs Q2<\/p>\n<p>&nbsp;<\/p>\n<\/div>\n<\/td>\n<\/tr>\n<\/tbody>\n<\/table>\n<\/div>\n<\/div>\n","protected":false},"excerpt":{"rendered":"<p>\u201eMINT-Vortr\u00e4ge f\u00fcr den Fachunterricht\u201c Die Veranstaltungsreihe \u201eMINT-Vortr\u00e4ge f\u00fcr den Fachunterricht\u201c wurde 2018 von Elena Oliveri und Prof. Dr. Martin Z\u00f6rnig ins Leben gerufen. Ziel dieser Initiative ist es, die Eltern unserer Kinder f\u00fcr wissenschaftliche Pr\u00e4sentationen in den F\u00e4chern Mathematik, Informatik, Biologie, Chemie und Physik zu gewinnen. Dabei sollen Sch\u00fclerinnen und Sch\u00fcler unterrichtserg\u00e4nzend durch Fachvortr\u00e4ge vertiefende [&hellip;]<\/p>\n","protected":false},"author":1,"featured_media":0,"parent":0,"menu_order":0,"comment_status":"closed","ping_status":"closed","template":"","meta":{"ngg_post_thumbnail":0,"footnotes":""},"class_list":["post-720","page","type-page","status-publish","hentry"],"_links":{"self":[{"href":"https:\/\/freiherr-vom-stein.de\/fbereich3\/wp-json\/wp\/v2\/pages\/720","targetHints":{"allow":["GET"]}}],"collection":[{"href":"https:\/\/freiherr-vom-stein.de\/fbereich3\/wp-json\/wp\/v2\/pages"}],"about":[{"href":"https:\/\/freiherr-vom-stein.de\/fbereich3\/wp-json\/wp\/v2\/types\/page"}],"author":[{"embeddable":true,"href":"https:\/\/freiherr-vom-stein.de\/fbereich3\/wp-json\/wp\/v2\/users\/1"}],"replies":[{"embeddable":true,"href":"https:\/\/freiherr-vom-stein.de\/fbereich3\/wp-json\/wp\/v2\/comments?post=720"}],"version-history":[{"count":57,"href":"https:\/\/freiherr-vom-stein.de\/fbereich3\/wp-json\/wp\/v2\/pages\/720\/revisions"}],"predecessor-version":[{"id":1556,"href":"https:\/\/freiherr-vom-stein.de\/fbereich3\/wp-json\/wp\/v2\/pages\/720\/revisions\/1556"}],"wp:attachment":[{"href":"https:\/\/freiherr-vom-stein.de\/fbereich3\/wp-json\/wp\/v2\/media?parent=720"}],"curies":[{"name":"wp","href":"https:\/\/api.w.org\/{rel}","templated":true}]}}